{"id":481,"date":"2017-11-27T09:10:56","date_gmt":"2017-11-27T09:10:56","guid":{"rendered":"http:\/\/www.semh2022.com\/?page_id=481"},"modified":"2022-04-20T09:28:50","modified_gmt":"2022-04-20T09:28:50","slug":"comite_cientifico-2","status":"publish","type":"page","link":"http:\/\/www.semh2022.com\/?page_id=481","title":{"rendered":"Inscripciones y Sponsors"},"content":{"rendered":"<p>[et_pb_section fb_built=\u00bb1&#8243; fullwidth=\u00bbon\u00bb _builder_version=\u00bb4.16&#8243; _module_preset=\u00bbdefault\u00bb global_colors_info=\u00bb{}\u00bb][et_pb_fullwidth_image src=\u00bbhttp:\/\/www.semh2022.com\/wp-content\/uploads\/2021\/09\/1.jpg\u00bb _builder_version=\u00bb4.16&#8243; _module_preset=\u00bbdefault\u00bb global_colors_info=\u00bb{}\u00bb][\/et_pb_fullwidth_image][\/et_pb_section][et_pb_section fb_built=\u00bb1&#8243; admin_label=\u00bbsection\u00bb _builder_version=\u00bb4.16&#8243; global_colors_info=\u00bb{}\u00bb][et_pb_row admin_label=\u00bbrow\u00bb _builder_version=\u00bb4.16&#8243; background_size=\u00bbinitial\u00bb background_position=\u00bbtop_left\u00bb background_repeat=\u00bbrepeat\u00bb custom_padding=\u00bb||24px|||\u00bb global_colors_info=\u00bb{}\u00bb][et_pb_column type=\u00bb4_4&#8243; _builder_version=\u00bb4.16&#8243; custom_padding=\u00bb|||\u00bb global_colors_info=\u00bb{}\u00bb custom_padding__hover=\u00bb|||\u00bb][et_pb_text admin_label=\u00bbText\u00bb _builder_version=\u00bb4.16&#8243; background_size=\u00bbinitial\u00bb background_position=\u00bbtop_left\u00bb background_repeat=\u00bbrepeat\u00bb global_colors_info=\u00bb{}\u00bb]<\/p>\n<h2>Inscripciones<\/h2>\n<table width=\"100%\" border=\"0\">\n<tbody>\n<tr>\n<td width=\"33%\" valign=\"top\"><strong>Tipo de Inscripci\u00f3n<\/strong><\/td>\n<td style=\"text-align: center;\" width=\"33%\" valign=\"top\"><strong>Tarifa Reducida<br \/>(Hasta el 28-02-2022)<\/strong><\/td>\n<td style=\"text-align: center;\" width=\"33%\" valign=\"top\"><strong>Tarifa Ordinaria<br \/>(29-02-2022 al 25-04-2022)<br \/><\/strong><\/td>\n<\/tr>\n<tr style=\"color: #ffffff;\" bgcolor=\"#94c11e\">\n<td width=\"33%\" valign=\"top\">Socio SEMh Estudiante<\/td>\n<td style=\"text-align: center;\" width=\"33%\" valign=\"top\">200\u20ac<\/td>\n<td style=\"text-align: center;\" width=\"33%\" valign=\"top\">250\u20ac<\/td>\n<\/tr>\n<tr>\n<td width=\"33%\" valign=\"top\">Socio SEMh Jubilado<\/td>\n<td style=\"text-align: center;\" width=\"33%\" valign=\"top\">200\u20ac<\/td>\n<td style=\"text-align: center;\" width=\"33%\" valign=\"top\">250\u20ac<\/td>\n<\/tr>\n<tr style=\"color: #ffffff;\" bgcolor=\"#94c11e\">\n<td width=\"33%\" valign=\"top\">Socio SEMh Ordinario\/Protector<\/td>\n<td style=\"text-align: center;\" width=\"33%\" valign=\"top\">300\u20ac<\/td>\n<td style=\"text-align: center;\" width=\"33%\" valign=\"top\">350\u20ac<\/td>\n<\/tr>\n<tr>\n<td width=\"33%\" valign=\"top\">No Socio SEMh<\/td>\n<td style=\"text-align: center;\" width=\"33%\" valign=\"top\">350\u20ac<\/td>\n<td style=\"text-align: center;\" width=\"33%\" valign=\"top\">400\u20ac<\/td>\n<\/tr>\n<tr style=\"color: #ffffff;\" bgcolor=\"#94c11e\">\n<td width=\"33%\" valign=\"top\">No Socio SEMh Estudiante\/En paro<\/td>\n<td style=\"text-align: center;\" width=\"33%\" valign=\"top\">250\u20ac<\/td>\n<td style=\"text-align: center;\" width=\"33%\" valign=\"top\">300\u20ac<\/td>\n<\/tr>\n<tr>\n<td width=\"33%\" valign=\"top\">Acompa\u00f1ante cena de gala<\/td>\n<td style=\"text-align: center;\" width=\"33%\" valign=\"top\">60\u20ac<\/td>\n<td style=\"text-align: center;\" width=\"33%\" valign=\"top\">60\u20ac<\/td>\n<\/tr>\n<\/tbody>\n<\/table>\n<h3>Condiciones de inscripci\u00f3n<\/h3>\n<p style=\"text-align: justify;\">La cuota de inscripci\u00f3n incluye todo el material y documentaci\u00f3n que se entregar\u00e1 en el momento del registro en el congreso, esta comprende el libro de res\u00famenes, un kit promocional, la asistencia al acto de bienvenida, el caf\u00e9 en los descansos entre las sesiones, las comidas y la cena de gala.<\/p>\n<p>Cada inscripci\u00f3n podr\u00e1 tener hasta dos comunicaciones asociadas.<\/p>\n<ul>\n<li style=\"text-align: left;\">Los estudiantes deber\u00e1n presentar la documentaci\u00f3n acreditativa de su situaci\u00f3n.<\/li>\n<li style=\"text-align: left;\">Las personas en paro deber\u00e1n presentar la documentaci\u00f3n necesaria (acreditaci\u00f3n vigente de demandante de empleo).<\/li>\n<li style=\"text-align: left;\">Los acompa\u00f1antes que deseen asistir a la cena de gala, deber\u00e1n abonar 60 euros. En esta modalidad de inscripci\u00f3n no se permite la presentaci\u00f3n de trabajos cient\u00edficos.<\/li>\n<\/ul>\n<h3><\/h3>\n<h3>Pol\u00edtica de cancelaci\u00f3n y devoluciones<\/h3>\n<p style=\"text-align: justify;\">La cancelaci\u00f3n de la compra tiene que ser expresada mediante un correo electr\u00f3nico. Las cancelaciones realizadas por tel\u00e9fono no ser\u00e1n tenidas en cuenta.<\/p>\n<p style=\"text-align: justify;\">La notificaci\u00f3n de la cancelaci\u00f3n debe enviarse a la Secretar\u00eda T\u00e9cnica (correo electr\u00f3nico: <a href=\"mailto:semh2022@fundecyt-pctex.es\">semh2022@fundecyt-pctex.es<\/a>). La notificaci\u00f3n de cancelaci\u00f3n recibida <strong>antes del 28 de febrero 2022<\/strong>, ser\u00e1 reembolsada \u00edntegramente excepto un 10% correspondiente de las tasas de gesti\u00f3n.<\/p>\n<p style=\"text-align: justify;\">La cancelaci\u00f3n recibida <strong>entre el\u00a028 de febrero 2022 y el 10 de abril del 2022<\/strong>, ambos incluidos, se devolver\u00e1 el\u00a050%\u00a0del importe de la compra realizada. <strong><u>No se otorgar\u00e1 ning\u00fan reembolso por cancelaciones recibidas despu\u00e9s del 10 de abril de 2022.<\/u><\/strong><\/p>\n<p style=\"text-align: justify;\">Los asistentes sustitutos de la misma organizaci\u00f3n son bienvenidos. Las notificaciones de sustituci\u00f3n deben hacerse por escrito a la Secretar\u00eda T\u00e9cnica del Congreso (correo electr\u00f3nico: <a href=\"mailto:semh2022@fundecyt-pctex.es\">semh2022@fundecyt-pctex.es<\/a>).<\/p>\n<h3 style=\"margin-top: 30px;\">Formulario de registro<\/h3>\n<p><!--[gravityform id=\"6\" title=\"false\" description=\"true\" ajax=\"true\"]--><\/p>\n<p>[\/et_pb_text][et_pb_text _builder_version=\u00bb4.16&#8243; _module_preset=\u00bbdefault\u00bb custom_padding=\u00bb10px|10px|10px|10px|false|false\u00bb box_shadow_style=\u00bbpreset1&#8243; global_colors_info=\u00bb{}\u00bb]<\/p>\n<p>Lo siento.  Este formulario ya no est\u00e1 disponible.<\/p>\n<p>[\/et_pb_text][\/et_pb_column][\/et_pb_row][\/et_pb_section][et_pb_section fb_built=\u00bb1&#8243; _builder_version=\u00bb4.16&#8243; _module_preset=\u00bbdefault\u00bb custom_padding=\u00bb7px||0px|||\u00bb global_colors_info=\u00bb{}\u00bb][et_pb_row _builder_version=\u00bb4.16&#8243; _module_preset=\u00bbdefault\u00bb custom_margin=\u00bb-31px|auto||auto||\u00bb custom_padding=\u00bb||2px|||\u00bb locked=\u00bboff\u00bb global_colors_info=\u00bb{}\u00bb][et_pb_column type=\u00bb4_4&#8243; _builder_version=\u00bb4.16&#8243; _module_preset=\u00bbdefault\u00bb global_colors_info=\u00bb{}\u00bb][et_pb_text _builder_version=\u00bb4.17.1&#8243; _module_preset=\u00bbdefault\u00bb hover_enabled=\u00bb0&#8243; locked=\u00bboff\u00bb global_colors_info=\u00bb{}\u00bb sticky_enabled=\u00bb0&#8243;]<\/p>\n<hr \/>\n<table style=\"width: 90%;\">\n<tbody>\n<tr>\n<td style=\"width: 100%; text-align: left;\"><strong>ORGANIZA<\/strong><\/td>\n<\/tr>\n<tr>\n<td style=\"width: 100%;\">\n<p style=\"text-align: left;\"><a href=\"http:\/\/cicytex.juntaex.es\/\" target=\"blank\" rel=\"noopener\"><img decoding=\"async\" src=\"http:\/\/www.semh2022.com\/wp-content\/uploads\/2021\/09\/cicytex-1-150x150.jpg\" alt=\"\" class=\"wp-image-2424 alignnone size-thumbnail\" width=\"120\" \/><\/a> <a href=\"https:\/\/semh.net\/\" target=\"_blank\" rel=\"noopener\"><img loading=\"lazy\" decoding=\"async\" src=\"http:\/\/www.semh2022.com\/wp-content\/uploads\/2021\/09\/30-anos-300x212.jpg\" alt=\"\" class=\"wp-image-2418 alignnone size-medium\" width=\"153\" height=\"108\" srcset=\"http:\/\/www.semh2022.com\/wp-content\/uploads\/2021\/09\/30-anos-300x212.jpg 300w, http:\/\/www.semh2022.com\/wp-content\/uploads\/2021\/09\/30-anos-1024x724.jpg 1024w, http:\/\/www.semh2022.com\/wp-content\/uploads\/2021\/09\/30-anos-768x543.jpg 768w, http:\/\/www.semh2022.com\/wp-content\/uploads\/2021\/09\/30-anos.jpg 1131w\" sizes=\"(max-width: 153px) 100vw, 153px\" \/><\/a>\u00a0<a href=\"https:\/\/semh.net\/\" target=\"_blank\" rel=\"noopener\"><img decoding=\"async\" src=\"http:\/\/www.semh2022.com\/wp-content\/uploads\/2021\/09\/shem-1-150x150.jpg\" alt=\"\" class=\"wp-image-2427 alignnone size-thumbnail\" style=\"margin-left: 20px;\" width=\"120\" \/><\/a>\u00a0<a href=\"http:\/\/www.juntaex.es\/con02\/\" target=\"_blank\" rel=\"noopener\"><img decoding=\"async\" src=\"http:\/\/www.semh2022.com\/wp-content\/uploads\/2021\/09\/junta-1.jpg\" alt=\"\" class=\"wp-image-2426 alignnone size-thumbnail\" style=\"margin-left: 20px;\" width=\"320\" srcset=\"http:\/\/www.semh2022.com\/wp-content\/uploads\/2021\/09\/junta-1.jpg 2138w, http:\/\/www.semh2022.com\/wp-content\/uploads\/2021\/09\/junta-1-300x112.jpg 300w, http:\/\/www.semh2022.com\/wp-content\/uploads\/2021\/09\/junta-1-1024x383.jpg 1024w, http:\/\/www.semh2022.com\/wp-content\/uploads\/2021\/09\/junta-1-768x287.jpg 768w, http:\/\/www.semh2022.com\/wp-content\/uploads\/2021\/09\/junta-1-1536x575.jpg 1536w, http:\/\/www.semh2022.com\/wp-content\/uploads\/2021\/09\/junta-1-2048x766.jpg 2048w\" sizes=\"(max-width: 2138px) 100vw, 2138px\" \/><\/a><\/p>\n<\/td>\n<\/tr>\n<tr>\n<td style=\"width: 100%; text-align: left;\"><strong>COLABORA<\/strong><\/td>\n<\/tr>\n<tr>\n<td style=\"width: 100%;\">\n<p style=\"text-align: left;\"><a href=\"https:\/\/merida.es\" target=\"blank\" rel=\"noopener\"><img decoding=\"async\" src=\"http:\/\/www.semh2022.com\/wp-content\/uploads\/2022\/04\/MARCA_AYUNTAMIENTO_MERIDA.jpg\" alt=\"\" class=\"wp-image-2424 alignnone size-thumbnail\" width=\"144\" \/><\/a> <a href=\"https:\/\/www.fundecyt-pctex.es\/\" target=\"blank\" rel=\"noopener\"><img loading=\"lazy\" decoding=\"async\" src=\"http:\/\/www.semh2022.com\/wp-content\/uploads\/2021\/09\/fundecyt-1.jpg\" alt=\"\" class=\"wp-image-2424 alignnone size-thumbnail\" width=\"184\" height=\"113\" \/><\/a> <a href=\"https:\/\/ctaex.com\/\" target=\"_blank\" rel=\"noopener\"><img loading=\"lazy\" decoding=\"async\" src=\"http:\/\/www.semh2022.com\/wp-content\/uploads\/2022\/02\/ctaex-1.png\" alt=\"\" class=\"wp-image-2423 alignnone size-thumbnail\" style=\"margin-left: 20px;\" width=\"241\" height=\"110\" \/><\/a> <a href=\"https:\/\/www.phytoma.com\/\" target=\"_blank\" rel=\"noopener\"><img loading=\"lazy\" decoding=\"async\" src=\"http:\/\/www.semh2022.com\/wp-content\/uploads\/2022\/03\/I-love-SVphytoma-vf-300x180.jpg\" alt=\"\" class=\"wp-image-3344 alignnone size-medium\" width=\"207\" height=\"124\" srcset=\"http:\/\/www.semh2022.com\/wp-content\/uploads\/2022\/03\/I-love-SVphytoma-vf-300x180.jpg 300w, http:\/\/www.semh2022.com\/wp-content\/uploads\/2022\/03\/I-love-SVphytoma-vf.jpg 335w\" sizes=\"(max-width: 207px) 100vw, 207px\" \/><\/a> <a href=\"https:\/\/www.interempresas.net\/FlipBooks\/TE\/\" target=\"_blank\" rel=\"noopener\"><img loading=\"lazy\" decoding=\"async\" src=\"http:\/\/www.semh2022.com\/wp-content\/uploads\/2022\/03\/Logo-TIERRASInterempresasMedia_grande-300x143.jpg\" alt=\"\" class=\"wp-image-3345 alignnone size-medium\" width=\"247\" height=\"118\" srcset=\"http:\/\/www.semh2022.com\/wp-content\/uploads\/2022\/03\/Logo-TIERRASInterempresasMedia_grande-300x143.jpg 300w, http:\/\/www.semh2022.com\/wp-content\/uploads\/2022\/03\/Logo-TIERRASInterempresasMedia_grande.jpg 422w\" sizes=\"(max-width: 247px) 100vw, 247px\" \/><\/a><\/p>\n<\/td>\n<\/tr>\n<\/tbody>\n<\/table>\n<p style=\"text-align: left;\"><strong>\u00a0 \u00a0\u00a0 PATROCINA<\/strong><\/p>\n<table style=\"width: 90%;\">\n<tbody>\n<tr style=\"height: 10px;\">\n<td style=\"width: 15%;\"><img loading=\"lazy\" decoding=\"async\" src=\"http:\/\/www.semh2022.com\/wp-content\/uploads\/2021\/08\/JUPITER-150x150.png\" alt=\"\" class=\"wp-image-2309 alignnone size-thumbnail\" style=\"display: block; margin-left: auto; margin-right: auto;\" width=\"150\" height=\"150\" \/><\/td>\n<td style=\"width: 15%;\"><a href=\"https:\/\/www.crextremadura.com\" target=\"_blank\" rel=\"noopener\" title=\"basf\"><img decoding=\"async\" src=\"http:\/\/www.semh2022.com\/wp-content\/uploads\/2022\/04\/logo_CAJARURAL.jpg\" alt=\"\" class=\"wp-image-3097 alignnone size-full\" style=\"display: block; margin-left: auto; margin-right: auto;\" width=\"381\" \/><\/a><\/td>\n<td style=\"width: 15%;\"><a href=\"https:\/\/www.basf.com\/es\/es.html\" target=\"_blank\" rel=\"noopener\" title=\"basf\"><img decoding=\"async\" src=\"http:\/\/www.semh2022.com\/wp-content\/uploads\/2021\/11\/basf.jpg\" alt=\"\" class=\"wp-image-3097 alignnone size-full\" style=\"display: block; margin-left: auto; margin-right: auto;\" width=\"381\" srcset=\"http:\/\/www.semh2022.com\/wp-content\/uploads\/2021\/11\/basf.jpg 381w, http:\/\/www.semh2022.com\/wp-content\/uploads\/2021\/11\/basf-300x158.jpg 300w\" sizes=\"(max-width: 381px) 100vw, 381px\" \/><\/a><\/td>\n<td style=\"width: 15%;\"><img decoding=\"async\" src=\"http:\/\/www.semh2022.com\/wp-content\/uploads\/2021\/11\/mesa_del_arroz-150x150.jpg\" alt=\"\" class=\"wp-image-3059 alignnone size-thumbnail\" style=\"display: block; margin-left: auto; margin-right: auto;\" width=\"150\" \/><\/td>\n<td style=\"width: 15%;\"><a href=\"https:\/\/fmcagro.es\/\" target=\"_blank\" rel=\"noopener\" title=\"FMC\"><img decoding=\"async\" src=\"http:\/\/www.semh2022.com\/wp-content\/uploads\/2022\/01\/fmc.jpg\" alt=\"\" class=\"wp-image-3227 alignnone size-full\" style=\"display: block; margin-left: auto; margin-right: auto;\" width=\"150\" srcset=\"http:\/\/www.semh2022.com\/wp-content\/uploads\/2022\/01\/fmc.jpg 334w, http:\/\/www.semh2022.com\/wp-content\/uploads\/2022\/01\/fmc-300x181.jpg 300w\" sizes=\"(max-width: 334px) 100vw, 334px\" \/><\/a><\/td>\n<td style=\"width: 15%;\"><a href=\"https:\/\/www.corteva.es\/\" target=\"_blank\" rel=\"noopener\" title=\"FMC\"><img decoding=\"async\" src=\"http:\/\/www.semh2022.com\/wp-content\/uploads\/2022\/02\/corteva.jpg\" alt=\"\" class=\"wp-image-3227 alignnone size-full\" style=\"display: block; margin-left: auto; margin-right: auto;\" width=\"180\" \/><\/a><\/td>\n<\/tr>\n<tr style=\"height: 10px;\">\n<td style=\"width: 15%;\"><img loading=\"lazy\" decoding=\"async\" src=\"http:\/\/www.semh2022.com\/wp-content\/uploads\/2021\/08\/CERES-150x150.png\" alt=\"\" class=\"wp-image-2313 alignnone size-thumbnail\" style=\"display: block; margin-left: auto; margin-right: auto;\" width=\"150\" height=\"150\" \/><\/td>\n<td style=\"width: 15%;\"><a href=\"https:\/\/www.bayer.com\/en\/crop-science\/crop-science-division\" target=\"_blank\" rel=\"noopener\" title=\"BAYER \"><img decoding=\"async\" src=\"http:\/\/www.semh2022.com\/wp-content\/uploads\/2021\/12\/bayer-1.jpg\" alt=\"\" class=\"wp-image-3128 alignnone size-full\" style=\"text-align: center; display: block; margin-left: auto; margin-right: auto;\" width=\"150\" \/><\/a><\/td>\n<td style=\"width: 15%; text-align: center;\"><a href=\"https:\/\/www.upl-ltd.com\/es\" target=\"_blank\" rel=\"noopener\" title=\"UPL\"><img loading=\"lazy\" decoding=\"async\" src=\"http:\/\/www.semh2022.com\/wp-content\/uploads\/2022\/01\/upl.jpg\" alt=\"\" class=\"wp-image-3226 alignnone size-full\" width=\"294\" height=\"201\" \/><\/a><\/td>\n<td style=\"width: 15%;\"><\/td>\n<td style=\"width: 15%;\"><\/td>\n<td style=\"width: 15%;\"><\/td>\n<\/tr>\n<tr style=\"height: 10px;\">\n<td style=\"width: 15%;\"><img loading=\"lazy\" decoding=\"async\" src=\"http:\/\/www.semh2022.com\/wp-content\/uploads\/2021\/08\/PROSERPINA-150x150.png\" alt=\"\" class=\"wp-image-2315 alignnone size-thumbnail\" style=\"display: block; margin-left: auto; margin-right: auto;\" width=\"150\" height=\"150\" \/><\/td>\n<td style=\"width: 15%;\"><a href=\"https:\/\/www.fieldtrialservices.com\/\" target=\"_blank\" rel=\"noopener\"><img decoding=\"async\" src=\"http:\/\/www.semh2022.com\/wp-content\/uploads\/2021\/11\/fts.jpg\" alt=\"\" class=\"wp-image-3031 alignnone size-full\" style=\"display: block; margin-left: auto; margin-right: auto;\" width=\"150\" \/><\/a><\/td>\n<td style=\"width: 15%;\"><a href=\"https:\/\/gowan.es\/\" target=\"_blank\" rel=\"noopener\" title=\"Gowan\"><img decoding=\"async\" src=\"http:\/\/www.semh2022.com\/wp-content\/uploads\/2021\/11\/gowan.jpg\" alt=\"\" class=\"wp-image-3098 alignnone size-full\" style=\"display: block; margin-left: auto; margin-right: auto;\" width=\"250\" srcset=\"http:\/\/www.semh2022.com\/wp-content\/uploads\/2021\/11\/gowan.jpg 423w, http:\/\/www.semh2022.com\/wp-content\/uploads\/2021\/11\/gowan-300x143.jpg 300w\" sizes=\"(max-width: 423px) 100vw, 423px\" \/><\/a><\/td>\n<td style=\"width: 15%;\"><a href=\"https:\/\/belchim.es\/\" target=\"_blank\" rel=\"noopener\" title=\"belchim.es\"><img decoding=\"async\" src=\"http:\/\/www.semh2022.com\/wp-content\/uploads\/2021\/12\/belchim.jpg\" alt=\"\" class=\"wp-image-3141 alignnone size-full\" style=\"display: block; margin-left: auto; margin-right: auto;\" width=\"150\" \/><\/a><\/td>\n<td style=\"width: 15%;\"><\/td>\n<td style=\"width: 15%;\"><\/td>\n<\/tr>\n<\/tbody>\n<\/table>\n<hr \/>\n<p style=\"text-align: center; tetx-color: #ededed; font-size: 14px;\"><a href=\"http:\/\/www.semh2022.com\/?page_id=3185\">Aviso Legal<\/a> y\u00a0 <a href=\"http:\/\/www.semh2022.com\/?page_id=3191\">Pol\u00edtica de Privacidad<\/a><br \/>\n<span style=\"color: #000000;\">FUNDECYT-PCTEX, Campus Universitario. Avda. Investigaci\u00f3n s\/n, 06006 &#8211; Badajoz, Espa\u00f1a<\/span><\/p>\n<p>[\/et_pb_text][\/et_pb_column][\/et_pb_row][\/et_pb_section]<\/p>\n","protected":false},"excerpt":{"rendered":"<p>Inscripciones Tipo de Inscripci\u00f3n Tarifa Reducida(Hasta el 28-02-2022) Tarifa Ordinaria(29-02-2022 al 25-04-2022) Socio SEMh Estudiante 200\u20ac 250\u20ac Socio SEMh Jubilado 200\u20ac 250\u20ac Socio SEMh Ordinario\/Protector 300\u20ac 350\u20ac No Socio SEMh 350\u20ac 400\u20ac No Socio SEMh Estudiante\/En paro 250\u20ac 300\u20ac Acompa\u00f1ante cena de gala 60\u20ac 60\u20ac Condiciones de inscripci\u00f3n La cuota de inscripci\u00f3n incluye todo el [&hellip;]<\/p>\n","protected":false},"author":134,"featured_media":0,"parent":0,"menu_order":0,"comment_status":"closed","ping_status":"open","template":"","meta":{"_et_pb_use_builder":"on","_et_pb_old_content":"<!--themify_builder_static--><img src=\"http:\/\/www.semh2022.com\/wp-content\/uploads\/2021\/09\/1.jpg\" sizes=\"(max-width: 1960px) 100vw, 1960px\" srcset=\"http:\/\/www.semh2022.com\/wp-content\/uploads\/2021\/09\/1.jpg 1960w, http:\/\/www.semh2022.com\/wp-content\/uploads\/2021\/09\/1-300x77.jpg 300w, http:\/\/www.semh2022.com\/wp-content\/uploads\/2021\/09\/1-1024x261.jpg 1024w, http:\/\/www.semh2022.com\/wp-content\/uploads\/2021\/09\/1-768x196.jpg 768w, http:\/\/www.semh2022.com\/wp-content\/uploads\/2021\/09\/1-1536x392.jpg 1536w\" alt=\"1\" width=\"1960\" height=\"500\" \/>\n<h2>Inscripciones<\/h2>\n<table border=\"0\" width=\"100%\">\n<tbody>\n<tr>\n<td valign=\"top\" width=\"33%\"><strong>Tipo de Inscripci\u00f3n<\/strong><\/td>\n<td style=\"text-align: center;\" valign=\"top\" width=\"33%\"><strong>Tarifa Reducida\n(Hasta el 28-02-2022)<\/strong><\/td>\n<td style=\"text-align: center;\" valign=\"top\" width=\"33%\"><strong>Tarifa Ordinaria\n(29-02-2022 al 25-04-2022)\n<\/strong><\/td>\n<\/tr>\n<tr style=\"color: #ffffff;\" bgcolor=\"#94c11e\">\n<td valign=\"top\" width=\"33%\">Socio SEMh Estudiante<\/td>\n<td style=\"text-align: center;\" valign=\"top\" width=\"33%\">200\u20ac<\/td>\n<td style=\"text-align: center;\" valign=\"top\" width=\"33%\">250\u20ac<\/td>\n<\/tr>\n<tr>\n<td valign=\"top\" width=\"33%\">Socio SEMh Jubilado<\/td>\n<td style=\"text-align: center;\" valign=\"top\" width=\"33%\">200\u20ac<\/td>\n<td style=\"text-align: center;\" valign=\"top\" width=\"33%\">250\u20ac<\/td>\n<\/tr>\n<tr style=\"color: #ffffff;\" bgcolor=\"#94c11e\">\n<td valign=\"top\" width=\"33%\">Socio SEMh Ordinario\/Protector<\/td>\n<td style=\"text-align: center;\" valign=\"top\" width=\"33%\">300\u20ac<\/td>\n<td style=\"text-align: center;\" valign=\"top\" width=\"33%\">\n<table border=\"0\" width=\"100%\">\n<tbody>\n<tr>\n<td valign=\"top\" width=\"33%\">350\u20ac<\/td>\n<\/tr>\n<\/tbody>\n<\/table>\n<\/td>\n<\/tr>\n<tr>\n<td valign=\"top\" width=\"33%\">No Socio SEMh<\/td>\n<td style=\"text-align: center;\" valign=\"top\" width=\"33%\">350\u20ac<\/td>\n<td style=\"text-align: center;\" valign=\"top\" width=\"33%\">400\u20ac<\/td>\n<\/tr>\n<tr style=\"color: #ffffff;\" bgcolor=\"#94c11e\">\n<td valign=\"top\" width=\"33%\">No Socio SEMh Estudiante\/En paro<\/td>\n<td style=\"text-align: center;\" valign=\"top\" width=\"33%\">250\u20ac<\/td>\n<td style=\"text-align: center;\" valign=\"top\" width=\"33%\">300\u20ac<\/td>\n<\/tr>\n<tr>\n<td valign=\"top\" width=\"33%\">Acompa\u00f1ante cena de gala<\/td>\n<td style=\"text-align: center;\" valign=\"top\" width=\"33%\">60\u20ac<\/td>\n<td style=\"text-align: center;\" valign=\"top\" width=\"33%\">60\u20ac<\/td>\n<\/tr>\n<\/tbody>\n<\/table>\n<h3 style=\"text-align: center;\">El plazo de inscripci\u00f3n ha finalizado. Gracias por participar!.<\/h3>\n<h3>Condiciones de inscripci\u00f3n<\/h3>\n<p style=\"text-align: justify;\">La cuota de inscripci\u00f3n incluye todo el material y documentaci\u00f3n que se entregar\u00e1 en el momento del registro en el congreso, esta comprende el libro de res\u00famenes, un kit promocional, la asistencia al acto de bienvenida, el caf\u00e9 en los descansos entre las sesiones, las comidas y la cena de gala.<\/p>\nCada inscripci\u00f3n podr\u00e1 tener hasta dos comunicaciones asociadas.\n<ul>\n \t<li style=\"text-align: left;\">Los estudiantes deber\u00e1n presentar la documentaci\u00f3n acreditativa de su situaci\u00f3n.<\/li>\n \t<li style=\"text-align: left;\">Las personas en paro deber\u00e1n presentar la documentaci\u00f3n necesaria (acreditaci\u00f3n vigente de demandante de empleo).<\/li>\n \t<li style=\"text-align: left;\">Los acompa\u00f1antes que deseen asistir a la cena de gala, deber\u00e1n abonar 60 euros. En esta modalidad de inscripci\u00f3n no se permite la presentaci\u00f3n de trabajos cient\u00edficos.<\/li>\n<\/ul>\n<h3><\/h3>\n<h3>Pol\u00edtica de cancelaci\u00f3n y devoluciones<\/h3>\n<p style=\"text-align: justify;\">La cancelaci\u00f3n de la compra tiene que ser expresada mediante un correo electr\u00f3nico. Las cancelaciones realizadas por tel\u00e9fono no ser\u00e1n tenidas en cuenta.<\/p>\n<p style=\"text-align: justify;\">La notificaci\u00f3n de la cancelaci\u00f3n debe enviarse a la Secretar\u00eda T\u00e9cnica (correo electr\u00f3nico: <a href=\"mailto:semh2022@fundecyt-pctex.es\">semh2022@fundecyt-pctex.es<\/a>). La notificaci\u00f3n de cancelaci\u00f3n recibida <strong>antes del 28 de febrero 2022<\/strong>, ser\u00e1 reembolsada \u00edntegramente excepto un 10% correspondiente de las tasas de gesti\u00f3n.<\/p>\n<p style=\"text-align: justify;\">La cancelaci\u00f3n recibida <strong>entre el\u00a028 de febrero 2022 y el 10 de abril del 2022<\/strong>, ambos incluidos, se devolver\u00e1 el\u00a050%\u00a0del importe de la compra realizada. <strong><u>No se otorgar\u00e1 ning\u00fan reembolso por cancelaciones recibidas despu\u00e9s del 10 de abril de 2022.<\/u><\/strong><\/p>\n<p style=\"text-align: justify;\">Los asistentes sustitutos de la misma organizaci\u00f3n son bienvenidos. Las notificaciones de sustituci\u00f3n deben hacerse por escrito a la Secretar\u00eda T\u00e9cnica del Congreso (correo electr\u00f3nico: <a href=\"mailto:semh2022@fundecyt-pctex.es\">semh2022@fundecyt-pctex.es<\/a>).<\/p>\n\n<h3 style=\"margin-top: 30px;\">Formulario de registro<\/h3>\n[gravityform id=\"6\" title=\"false\" description=\"true\" ajax=\"true\"]\n\n<!--\/themify_builder_static-->","_et_gb_content_width":"","footnotes":""},"class_list":["post-481","page","type-page","status-publish","hentry"],"_links":{"self":[{"href":"http:\/\/www.semh2022.com\/index.php?rest_route=\/wp\/v2\/pages\/481","targetHints":{"allow":["GET"]}}],"collection":[{"href":"http:\/\/www.semh2022.com\/index.php?rest_route=\/wp\/v2\/pages"}],"about":[{"href":"http:\/\/www.semh2022.com\/index.php?rest_route=\/wp\/v2\/types\/page"}],"author":[{"embeddable":true,"href":"http:\/\/www.semh2022.com\/index.php?rest_route=\/wp\/v2\/users\/134"}],"replies":[{"embeddable":true,"href":"http:\/\/www.semh2022.com\/index.php?rest_route=%2Fwp%2Fv2%2Fcomments&post=481"}],"version-history":[{"count":195,"href":"http:\/\/www.semh2022.com\/index.php?rest_route=\/wp\/v2\/pages\/481\/revisions"}],"predecessor-version":[{"id":3407,"href":"http:\/\/www.semh2022.com\/index.php?rest_route=\/wp\/v2\/pages\/481\/revisions\/3407"}],"wp:attachment":[{"href":"http:\/\/www.semh2022.com\/index.php?rest_route=%2Fwp%2Fv2%2Fmedia&parent=481"}],"curies":[{"name":"wp","href":"https:\/\/api.w.org\/{rel}","templated":true}]}}