{"id":3191,"date":"2022-01-24T10:30:55","date_gmt":"2022-01-24T10:30:55","guid":{"rendered":"http:\/\/www.semh2022.com\/?page_id=3191"},"modified":"2022-01-24T10:44:14","modified_gmt":"2022-01-24T10:44:14","slug":"politica-de-privacidad-y-proteccion-de-datos","status":"publish","type":"page","link":"http:\/\/www.semh2022.com\/?page_id=3191","title":{"rendered":"Pol\u00edtica de privacidad y protecci\u00f3n de datos"},"content":{"rendered":"<p>[et_pb_section fb_built=\u00bb1&#8243; admin_label=\u00bbsection\u00bb _builder_version=\u00bb3.22&#8243; custom_padding=\u00bb7px||7px|||\u00bb global_colors_info=\u00bb{}\u00bb][et_pb_row _builder_version=\u00bb4.10.4&#8243; _module_preset=\u00bbdefault\u00bb custom_padding=\u00bb12px|||||\u00bb global_colors_info=\u00bb{}\u00bb][et_pb_column type=\u00bb4_4&#8243; _builder_version=\u00bb4.10.4&#8243; _module_preset=\u00bbdefault\u00bb global_colors_info=\u00bb{}\u00bb][et_pb_text _builder_version=\u00bb4.10.4&#8243; _module_preset=\u00bbdefault\u00bb custom_margin=\u00bb-23px||||false|false\u00bb custom_padding=\u00bb|20px||20px|false|false\u00bb box_shadow_style=\u00bbpreset2&#8243; global_colors_info=\u00bb{}\u00bb]<\/p>\n<h2>Pol\u00edtica de privacidad y protecci\u00f3n de datos<\/h2>\n<p style=\"text-align: justify;\">Estas normas rigen para la web site \u00ab<a href=\"https:\/\/semh.net\/\" target=\"_blank\" rel=\"noopener\">https:\/\/semh.net\/<\/a>\u00bb de titularidad de la <strong>Sociedad Espa\u00f1ola de Malherbolog\u00eda<\/strong> (<strong>SEMh<\/strong>). Para saber c\u00f3mo se procede con los datos personales, te rogamos leas las siguientes normas que aconsejamos consultar con regularidad, dado que pueden ser actualizadas. El visitante se hace responsable y garantiza que los datos personales que facilita a la SEMh son veraces y cuenta, cuando proceda, con la debida autorizaci\u00f3n para ello del titular de los mismos. La SEMh tratar\u00e1 los datos de car\u00e1cter personal vinculados a sus espacios webs respetando las exigencias de la legislaci\u00f3n vigente, resaltando el Nuevo Reglamento de Protecci\u00f3n de Datos:<\/p>\n<p style=\"text-align: justify;\">A partir del 25 de Mayo de 2018 es aplicable el nuevo Reglamento de Protecci\u00f3n de Datos. El Reglamento UE 2016\/679 armoniza la legislaci\u00f3n en materia de Protecci\u00f3n de Datos en toda la Uni\u00f3n Europea, incrementado la protecci\u00f3n de las personas f\u00edsicas titulares de datos personales y otorg\u00e1ndoles un mayor control sobre \u00e9stos.<\/p>\n<p style=\"text-align: justify;\">En la SEMhC siempre nos hemos preocupado por la protecci\u00f3n de los datos personales. Por ello, hemos actualizado nuestra Pol\u00edtica de Privacidad a fin de ajustarla a la nueva regulaci\u00f3n e informarte sobre los cambios que afectan a tus derechos: los datos que la SEMh recaba por las diferentes v\u00edas (p\u00e1gina web, correo electr\u00f3nico, formularios electr\u00f3nicos o en papel) dentro de su actividad, pasan a formar parte de un fichero de tratamiento del cual es responsable.<\/p>\n<p>Finalidades para las cuales se recaban datos:<\/p>\n<ul>\n<li>la gesti\u00f3n de la relaci\u00f3n de los socios;<\/li>\n<li>la prestaci\u00f3n de servicios a los socios y a personas o representantes de empresas relacionadas<\/li>\n<li>el mantenimiento de la relaci\u00f3n institucional entre la SEMh y las instituciones p\u00fablicas o privadas que representan;<\/li>\n<li>el env\u00edo de comunicaciones sobre nuestras actividades, cursos y servicios.<\/li>\n<\/ul>\n<p>Duraci\u00f3n de la conservaci\u00f3n de los datos:<\/p>\n<p>En el caso de los Miembros, conservamos tus datos mientras dure la relaci\u00f3n con la SEMh.<\/p>\n<p>Legitimaci\u00f3n de los tratamientos:<\/p>\n<p style=\"text-align: justify;\">Los datos tratados por la SEMh son aquellos obtenidos con el consentimiento del interesado, as\u00ed como aquellos suministrados voluntariamente por los interesados por cualquier medio.<br \/>Los datos necesarios para el mantenimiento de una relaci\u00f3n informacional.<\/p>\n<p>Destinatarios de los datos:<\/p>\n<p style=\"text-align: justify;\">Los datos cedidos a terceros son datos identificativos y de contacto (nombre, apellidos, email y direcci\u00f3n, cuenta bancaria), con el fin de organizar congresos y convenciones sobre Malherbolog\u00eda, jornadas t\u00e9cnicas y otras actividades, adem\u00e1s del cobro de la cuota anual para ser Miembro de la SEMh.<br \/>En caso de cesi\u00f3n, ser\u00e1 previamente informado de la cesi\u00f3n, finalidad e identificaci\u00f3n del cesionario.<\/p>\n<p>Derechos de los titulares de los datos:<\/p>\n<p>Cualquier persona tiene derecho a conocer si la SEMh, realiza tratamientos de sus datos, o no.<\/p>\n<p>Y tiene derecho a:<\/p>\n<ul>\n<li>Acceder a sus datos personales.<\/li>\n<li>Solicitar la rectificaci\u00f3n de los datos inexactos.<\/li>\n<li>Solicitar su supresi\u00f3n cuando, entre otros motivos, los datos ya no sean necesarios para los fines que fueron recogidos,<\/li>\n<li>Oponerse al tratamiento de tus datos, por motivos relacionados con su situaci\u00f3n particular, solicitando que no sean tratados por la SEMh<\/li>\n<li>En determinadas circunstancias, se podr\u00e1 solicitar la limitaci\u00f3n del tratamiento de tus datos, en cuyo caso \u00fanicamente se conservaran para el ejercicio o la defensa de reclamaciones.<\/li>\n<li>Retirar, el consentimiento prestado, sin que ello afecte a la licitud del tratamiento que se haya realizado con anterioridad a dicha retirada.<\/li>\n<li>Cuando se ejerciten los derechos de supresi\u00f3n, oposici\u00f3n, limitaci\u00f3n o se retire el consentimiento, la SEMh dejar\u00e1 de tratar los datos, salvo por motivos leg\u00edtimos imperiosos o el ejercicio o la defensa de posibles reclamaciones.<\/li>\n<\/ul>\n<p style=\"text-align: justify;\">El titular de los datos podr\u00e1 ejercitar los derechos contemplados en el Cap\u00edtulo III del Reglamento General de Protecci\u00f3n de Datos, as\u00ed como de la LOPD, dirigi\u00e9ndose a la Sociedad Espa\u00f1ola de Malherbolog\u00eda, Escuela T\u00e9cnica Superior de Ingenier\u00eda Agron\u00f3mica y del Medio Natural, Universitat Polit\u00e8cnica de Val\u00e8ncia, Camino de Vera s\/n 46022, Valencia, Espa\u00f1a) o si lo prefiere por correo electr\u00f3nico (secretariasemh2019@gmail.com) o a trav\u00e9s del siguiente LINK: https:\/\/semh.net\/contacta\/<\/p>\n<p style=\"text-align: justify;\">Siempre que se ejerciten los derechos expuestos, se deber\u00e1n de acompa\u00f1ar a la solicitud una copia de t\u00fa DNI o documento equivalente que permita comprobar la identidad.<\/p>\n<p style=\"text-align: justify;\">Asimismo, si no est\u00e1 conforme con c\u00f3mo se han atendido sus derechos, podr\u00e1 presentar una reclamaci\u00f3n ante la Agencia Espa\u00f1ola de Protecci\u00f3n de Datos, a trav\u00e9s de la p\u00e1gina Web www.agpd.es.<\/p>\n<p>Procedencia de los datos:<\/p>\n<p>La SEMh obtiene los datos de car\u00e1cter personal directamente del interesado a trav\u00e9s de los siguientes canales:<\/p>\n<ul>\n<li>Correo electr\u00f3nico<\/li>\n<li>Formularios\/ Cuestionarios (Web, electr\u00f3nicos o formato papel)<\/li>\n<\/ul>\n<p>Las categor\u00edas de datos son:<\/p>\n<ul>\n<li>Datos de identificaci\u00f3n<\/li>\n<li>Direcciones electr\u00f3nicas<\/li>\n<li>Cuentas bancarias<\/li>\n<li>No se tratan datos especialmente protegidos.<\/li>\n<\/ul>\n<p>Medidas de seguridad:<\/p>\n<p style=\"text-align: justify;\">La SEMh le informa de que aplica las medidas de seguridad necesarias para evitar el robo, alteraci\u00f3n o acceso no autorizado a los datos, teniendo en cuenta el estado de la t\u00e9cnica, los costes de aplicaci\u00f3n, y la naturaleza, el alcance, el contexto y los fines del tratamiento, as\u00ed como riesgos de probabilidad y gravedad variables para los derechos y libertades de las personas f\u00edsicas, as\u00ed como en caso de subcontrataci\u00f3n de servicios exigir\u00e1 y velar\u00e1 por que el encargado del tratamiento aplique medidas t\u00e9cnicas y organizativas apropiadas para garantizar un nivel de seguridad adecuado a los riesgos existentes, conforme se recoge en el art. 32 del Reglamento General de Protecci\u00f3n de Datos.<\/p>\n<p>[\/et_pb_text][\/et_pb_column][\/et_pb_row][\/et_pb_section][et_pb_section fb_built=\u00bb1&#8243; _builder_version=\u00bb4.10.4&#8243; _module_preset=\u00bbdefault\u00bb custom_padding=\u00bb7px||0px|||\u00bb global_colors_info=\u00bb{}\u00bb][et_pb_row _builder_version=\u00bb4.10.4&#8243; _module_preset=\u00bbdefault\u00bb custom_margin=\u00bb-31px|auto||auto||\u00bb custom_padding=\u00bb||2px|||\u00bb locked=\u00bboff\u00bb global_colors_info=\u00bb{}\u00bb][et_pb_column type=\u00bb4_4&#8243; _builder_version=\u00bb4.10.4&#8243; _module_preset=\u00bbdefault\u00bb global_colors_info=\u00bb{}\u00bb][et_pb_text _builder_version=\u00bb4.10.4&#8243; _module_preset=\u00bbdefault\u00bb hover_enabled=\u00bb0&#8243; locked=\u00bboff\u00bb global_colors_info=\u00bb{}\u00bb sticky_enabled=\u00bb0&#8243;]<\/p>\n<hr \/>\n<table style=\"width: 90%;\">\n<tbody>\n<tr>\n<td style=\"width: 90%; text-align: left;\"><strong>ORGANIZA<\/strong><\/td>\n<\/tr>\n<tr>\n<td style=\"width: 90%;\">\n<p style=\"text-align: left;\"><a href=\"http:\/\/cicytex.juntaex.es\/\" target=\"blank\" rel=\"noopener\"><img decoding=\"async\" src=\"http:\/\/www.semh2022.com\/wp-content\/uploads\/2021\/09\/cicytex-1-150x150.jpg\" alt=\"\" class=\"wp-image-2424 alignnone size-thumbnail\" width=\"120\" \/><\/a> <a href=\"https:\/\/semh.net\/\" target=\"_blank\" rel=\"noopener\"><img decoding=\"async\" src=\"http:\/\/www.semh2022.com\/wp-content\/uploads\/2021\/09\/30-anos-1-150x150.jpg\" alt=\"\" class=\"wp-image-2423 alignnone size-thumbnail\" style=\"margin-left: 20px;\" width=\"120\" \/><\/a> <a href=\"https:\/\/semh.net\/\" target=\"_blank\" rel=\"noopener\"><img decoding=\"async\" src=\"http:\/\/www.semh2022.com\/wp-content\/uploads\/2021\/09\/shem-1-150x150.jpg\" alt=\"\" class=\"wp-image-2427 alignnone size-thumbnail\" style=\"margin-left: 20px;\" width=\"120\" \/><\/a> <a href=\"http:\/\/www.juntaex.es\/con02\/\" target=\"_blank\" rel=\"noopener\"><img decoding=\"async\" src=\"http:\/\/www.semh2022.com\/wp-content\/uploads\/2021\/09\/junta-1.jpg\" alt=\"\" class=\"wp-image-2426 alignnone size-thumbnail\" style=\"margin-left: 20px;\" width=\"320\" srcset=\"http:\/\/www.semh2022.com\/wp-content\/uploads\/2021\/09\/junta-1.jpg 2138w, http:\/\/www.semh2022.com\/wp-content\/uploads\/2021\/09\/junta-1-300x112.jpg 300w, http:\/\/www.semh2022.com\/wp-content\/uploads\/2021\/09\/junta-1-1024x383.jpg 1024w, http:\/\/www.semh2022.com\/wp-content\/uploads\/2021\/09\/junta-1-768x287.jpg 768w, http:\/\/www.semh2022.com\/wp-content\/uploads\/2021\/09\/junta-1-1536x575.jpg 1536w, http:\/\/www.semh2022.com\/wp-content\/uploads\/2021\/09\/junta-1-2048x766.jpg 2048w\" sizes=\"(max-width: 2138px) 100vw, 2138px\" \/><\/a><\/p>\n<\/td>\n<\/tr>\n<tr>\n<td style=\"width: 90%; text-align: left;\"><strong>COLABORA<\/strong><\/td>\n<\/tr>\n<tr>\n<td style=\"width: 90%;\">\n<p style=\"text-align: left;\"><a href=\"http:\/\/www.fundecyt-pctex.es\" target=\"_blank\" rel=\"noopener\"><img decoding=\"async\" class=\"aligncenter wp-image-1247 size-full\" src=\"http:\/\/www.semh2022.com\/wp-content\/uploads\/2021\/09\/fundecyt-1.jpg\" alt=\"\" style=\"margin-left: 5px;\" width=\"220\" \/><\/a><\/p>\n<\/td>\n<\/tr>\n<\/tbody>\n<\/table>\n<p style=\"text-align: left;\"><strong>\u00a0 \u00a0\u00a0 PATROCINA<\/strong><\/p>\n<table style=\"width: 90%;\">\n<tbody>\n<tr style=\"height: 10px;\">\n<td style=\"width: 20%;\"><img loading=\"lazy\" decoding=\"async\" src=\"http:\/\/www.semh2022.com\/wp-content\/uploads\/2021\/08\/JUPITER-150x150.png\" alt=\"\" class=\"wp-image-2309 alignnone size-thumbnail\" style=\"display: block; margin-left: auto; margin-right: auto;\" width=\"150\" height=\"150\" \/><\/td>\n<td style=\"width: 20%;\"><a href=\"https:\/\/www.basf.com\/es\/es.html\" target=\"_blank\" rel=\"noopener\" title=\"basf\"><img decoding=\"async\" src=\"http:\/\/www.semh2022.com\/wp-content\/uploads\/2021\/11\/basf.jpg\" alt=\"\" class=\"wp-image-3097 alignnone size-full\" style=\"display: block; margin-left: auto; margin-right: auto;\" width=\"381\" srcset=\"http:\/\/www.semh2022.com\/wp-content\/uploads\/2021\/11\/basf.jpg 381w, http:\/\/www.semh2022.com\/wp-content\/uploads\/2021\/11\/basf-300x158.jpg 300w\" sizes=\"(max-width: 381px) 100vw, 381px\" \/><\/a><\/td>\n<td style=\"width: 20%;\"><\/td>\n<td style=\"width: 20%px;\"><\/td>\n<td style=\"width: 20%px;\"><\/td>\n<\/tr>\n<tr style=\"height: 10px;\">\n<td style=\"width: 20%;\"><img loading=\"lazy\" decoding=\"async\" src=\"http:\/\/www.semh2022.com\/wp-content\/uploads\/2021\/08\/CERES-150x150.png\" alt=\"\" class=\"wp-image-2313 alignnone size-thumbnail\" style=\"display: block; margin-left: auto; margin-right: auto;\" width=\"150\" height=\"150\" \/><\/td>\n<td style=\"width: 20%;\"><img decoding=\"async\" src=\"http:\/\/www.semh2022.com\/wp-content\/uploads\/2021\/11\/mesa_del_arroz-150x150.jpg\" alt=\"\" class=\"wp-image-3059 alignnone size-thumbnail\" style=\"display: block; margin-left: auto; margin-right: auto;\" width=\"150\" \/><\/td>\n<td style=\"width: 20%; text-align: center;\"><img decoding=\"async\" src=\"http:\/\/www.semh2022.com\/wp-content\/uploads\/2021\/12\/bayer-1.jpg\" alt=\"\" class=\"wp-image-3128 alignnone size-full\" width=\"150\" \/><\/td>\n<td style=\"width: 20%px;\"><\/td>\n<td style=\"width: 20%px;\"><\/td>\n<\/tr>\n<tr style=\"height: 10px;\">\n<td style=\"width: 20%;\"><img loading=\"lazy\" decoding=\"async\" src=\"http:\/\/www.semh2022.com\/wp-content\/uploads\/2021\/08\/PROSERPINA-150x150.png\" alt=\"\" class=\"wp-image-2315 alignnone size-thumbnail\" style=\"display: block; margin-left: auto; margin-right: auto;\" width=\"150\" height=\"150\" \/><\/td>\n<td style=\"width: 20%;\"><a href=\"https:\/\/www.fieldtrialservices.com\/\" target=\"_blank\" rel=\"noopener\"><img decoding=\"async\" src=\"http:\/\/www.semh2022.com\/wp-content\/uploads\/2021\/11\/fts.jpg\" alt=\"\" class=\"wp-image-3031 alignnone size-full\" width=\"150\" \/><\/a><\/td>\n<td style=\"width: 20%;\"><a href=\"https:\/\/gowan.es\/\" target=\"_blank\" rel=\"noopener\" title=\"Gowan\"><img decoding=\"async\" src=\"http:\/\/www.semh2022.com\/wp-content\/uploads\/2021\/11\/gowan.jpg\" alt=\"\" class=\"wp-image-3098 alignnone size-full\" style=\"display: block; margin-left: auto; margin-right: auto;\" width=\"250\" srcset=\"http:\/\/www.semh2022.com\/wp-content\/uploads\/2021\/11\/gowan.jpg 423w, http:\/\/www.semh2022.com\/wp-content\/uploads\/2021\/11\/gowan-300x143.jpg 300w\" sizes=\"(max-width: 423px) 100vw, 423px\" \/><\/a><\/td>\n<td style=\"text-align: center;\"><a href=\"https:\/\/belchim.es\/\" target=\"_blank\" rel=\"noopener\" title=\"belchim.es\"><img decoding=\"async\" src=\"http:\/\/www.semh2022.com\/wp-content\/uploads\/2021\/12\/belchim.jpg\" alt=\"\" class=\"wp-image-3141 alignnone size-full\" width=\"150\" \/><\/a><\/td>\n<td style=\"width: 20%px;\"><\/td>\n<\/tr>\n<\/tbody>\n<\/table>\n<hr \/>\n<p style=\"text-align: center; tetx-color: #ededed; font-size: 14px;\"><a href=\"http:\/\/www.semh2022.com\/?page_id=3185\">Aviso Legal<\/a> y\u00a0 <a href=\"http:\/\/www.semh2022.com\/?page_id=3191\">Pol\u00edtica de Privacidad<\/a><br \/><span style=\"color: #000000;\">FUNDECYT-PCTEX, Campus Universitario. Avda. Investigaci\u00f3n s\/n, 06006 &#8211; Badajoz, Espa\u00f1a<\/span><\/p>\n<p>[\/et_pb_text][\/et_pb_column][\/et_pb_row][\/et_pb_section]<\/p>\n","protected":false},"excerpt":{"rendered":"<p>Pol\u00edtica de privacidad y protecci\u00f3n de datos Estas normas rigen para la web site \u00abhttps:\/\/semh.net\/\u00bb de titularidad de la Sociedad Espa\u00f1ola de Malherbolog\u00eda (SEMh). Para saber c\u00f3mo se procede con los datos personales, te rogamos leas las siguientes normas que aconsejamos consultar con regularidad, dado que pueden ser actualizadas. El visitante se hace responsable y [&hellip;]<\/p>\n","protected":false},"author":134,"featured_media":0,"parent":0,"menu_order":0,"comment_status":"closed","ping_status":"closed","template":"","meta":{"_et_pb_use_builder":"on","_et_pb_old_content":"","_et_gb_content_width":"","footnotes":""},"class_list":["post-3191","page","type-page","status-publish","hentry"],"_links":{"self":[{"href":"http:\/\/www.semh2022.com\/index.php?rest_route=\/wp\/v2\/pages\/3191","targetHints":{"allow":["GET"]}}],"collection":[{"href":"http:\/\/www.semh2022.com\/index.php?rest_route=\/wp\/v2\/pages"}],"about":[{"href":"http:\/\/www.semh2022.com\/index.php?rest_route=\/wp\/v2\/types\/page"}],"author":[{"embeddable":true,"href":"http:\/\/www.semh2022.com\/index.php?rest_route=\/wp\/v2\/users\/134"}],"replies":[{"embeddable":true,"href":"http:\/\/www.semh2022.com\/index.php?rest_route=%2Fwp%2Fv2%2Fcomments&post=3191"}],"version-history":[{"count":3,"href":"http:\/\/www.semh2022.com\/index.php?rest_route=\/wp\/v2\/pages\/3191\/revisions"}],"predecessor-version":[{"id":3209,"href":"http:\/\/www.semh2022.com\/index.php?rest_route=\/wp\/v2\/pages\/3191\/revisions\/3209"}],"wp:attachment":[{"href":"http:\/\/www.semh2022.com\/index.php?rest_route=%2Fwp%2Fv2%2Fmedia&parent=3191"}],"curies":[{"name":"wp","href":"https:\/\/api.w.org\/{rel}","templated":true}]}}