{"id":2246,"date":"2021-08-10T10:35:08","date_gmt":"2021-08-10T10:35:08","guid":{"rendered":"http:\/\/www.semh2022.com\/?page_id=2246"},"modified":"2022-04-20T09:29:14","modified_gmt":"2022-04-20T09:29:14","slug":"comite_cientifico-2-5","status":"publish","type":"page","link":"http:\/\/www.semh2022.com\/?page_id=2246","title":{"rendered":"Comunicaciones"},"content":{"rendered":"[et_pb_section fb_built=\u00bb1&#8243; fullwidth=\u00bbon\u00bb _builder_version=\u00bb4.16&#8243; _module_preset=\u00bbdefault\u00bb global_colors_info=\u00bb{}\u00bb][et_pb_fullwidth_image src=\u00bbhttp:\/\/www.semh2022.com\/wp-content\/uploads\/2021\/09\/2.jpg\u00bb title_text=\u00bb2&#8243; _builder_version=\u00bb4.16&#8243; _module_preset=\u00bbdefault\u00bb global_colors_info=\u00bb{}\u00bb][\/et_pb_fullwidth_image][\/et_pb_section][et_pb_section fb_built=\u00bb1&#8243; _builder_version=\u00bb4.16&#8243; _module_preset=\u00bbdefault\u00bb custom_padding=\u00bb6px||4px|||\u00bb global_colors_info=\u00bb{}\u00bb][et_pb_row _builder_version=\u00bb4.16&#8243; _module_preset=\u00bbdefault\u00bb custom_margin=\u00bb|auto|-5px|auto||\u00bb custom_padding=\u00bb11px||6px|||\u00bb global_colors_info=\u00bb{}\u00bb][et_pb_column type=\u00bb4_4&#8243; _builder_version=\u00bb4.16&#8243; _module_preset=\u00bbdefault\u00bb global_colors_info=\u00bb{}\u00bb][et_pb_text _builder_version=\u00bb4.16&#8243; _module_preset=\u00bbdefault\u00bb global_colors_info=\u00bb{}\u00bb]<h2><span style=\"color: #99cc00;\">Fechas importantes<\/span><\/h2>[\/et_pb_text][\/et_pb_column][\/et_pb_row][\/et_pb_section][et_pb_section fb_built=\u00bb1&#8243; _builder_version=\u00bb4.16&#8243; _module_preset=\u00bbdefault\u00bb custom_padding=\u00bb3px||10px|||\u00bb global_colors_info=\u00bb{}\u00bb][et_pb_row column_structure=\u00bb1_3,1_3,1_3&#8243; use_custom_gutter=\u00bbon\u00bb make_equal=\u00bbon\u00bb _builder_version=\u00bb4.16&#8243; _module_preset=\u00bbdefault\u00bb module_alignment=\u00bbcenter\u00bb custom_padding=\u00bb9px|||||\u00bb global_colors_info=\u00bb{}\u00bb][et_pb_column type=\u00bb1_3&#8243; _builder_version=\u00bb4.16&#8243; _module_preset=\u00bbdefault\u00bb box_shadow_style=\u00bbpreset1&#8243; global_colors_info=\u00bb{}\u00bb][et_pb_text _builder_version=\u00bb4.16&#8243; _module_preset=\u00bbdefault\u00bb global_colors_info=\u00bb{}\u00bb]<p style=\"text-align: center;\">\n<p style=\"text-align: center;\">Env\u00edo de <strong>res\u00famenes<\/strong><\/p>\n<h3 style=\"text-align: center;\"><span style=\"color: #99cc00;\"><strong>Plazo cerrado<\/strong><\/span><\/h3>\n<p>&nbsp;<\/p>\n<p style=\"text-align: center;\">Notificaci\u00f3n de aceptaci\u00f3n<\/p>\n<h3 style=\"text-align: center;\"><span style=\"color: #99cc00;\"><strong>15 de noviembre de 2021<\/strong><\/span><\/h3>[\/et_pb_text][\/et_pb_column][et_pb_column type=\u00bb1_3&#8243; _builder_version=\u00bb4.16&#8243; _module_preset=\u00bbdefault\u00bb box_shadow_style=\u00bbpreset2&#8243; global_colors_info=\u00bb{}\u00bb][et_pb_text _builder_version=\u00bb4.16&#8243; _module_preset=\u00bbdefault\u00bb global_colors_info=\u00bb{}\u00bb]<p style=\"text-align: center;\">\n<p style=\"text-align: center;\">Env\u00edo de <strong>comunicaciones completas<\/strong><\/p>\n<h3 style=\"text-align: center;\"><span style=\"color: #99cc00;\"><strong>Hasta el 31 de diciembre de 2021<\/strong><\/span><\/h3>\n<p>&nbsp;<\/p>\n<p style=\"text-align: center;\">Notificaci\u00f3n de posibles correcciones<\/p>\n<h3 style=\"text-align: center;\"><span style=\"color: #99cc00;\"><strong>30 de enero de 2022<\/strong><\/span><\/h3>[\/et_pb_text][\/et_pb_column][et_pb_column type=\u00bb1_3&#8243; _builder_version=\u00bb4.16&#8243; _module_preset=\u00bbdefault\u00bb box_shadow_style=\u00bbpreset3&#8243; global_colors_info=\u00bb{}\u00bb][et_pb_text _builder_version=\u00bb4.16&#8243; _module_preset=\u00bbdefault\u00bb global_colors_info=\u00bb{}\u00bb]<p style=\"text-align: center;\">\n<p style=\"text-align: center;\">Env\u00edo de <strong>comunicaciones completas definitivas<\/strong><\/p>\n<h3 style=\"text-align: center;\"><span style=\"color: #99cc00;\"><strong>28 de febrero de 2022<\/strong><\/span><\/h3>[\/et_pb_text][\/et_pb_column][\/et_pb_row][\/et_pb_section][et_pb_section fb_built=\u00bb1&#8243; admin_label=\u00bbsection\u00bb _builder_version=\u00bb4.16&#8243; custom_padding=\u00bb5px||7px|||\u00bb global_colors_info=\u00bb{}\u00bb][et_pb_row admin_label=\u00bbrow\u00bb _builder_version=\u00bb4.16&#8243; background_size=\u00bbinitial\u00bb background_position=\u00bbtop_left\u00bb background_repeat=\u00bbrepeat\u00bb custom_padding=\u00bb13px||31px|||\u00bb global_colors_info=\u00bb{}\u00bb][et_pb_column type=\u00bb4_4&#8243; _builder_version=\u00bb4.16&#8243; custom_padding=\u00bb|||\u00bb global_colors_info=\u00bb{}\u00bb custom_padding__hover=\u00bb|||\u00bb][et_pb_text admin_label=\u00bbText\u00bb _builder_version=\u00bb4.16&#8243; background_size=\u00bbinitial\u00bb background_position=\u00bbtop_left\u00bb background_repeat=\u00bbrepeat\u00bb global_colors_info=\u00bb{}\u00bb]<h3><span style=\"color: #99cc00;\">Presentaci\u00f3n de trabajos<\/span><\/h3>\n<p style=\"text-align: justify;\">Los autores interesados en presentar un trabajo deben enviar el resumen a trav\u00e9s del <a href=\"http:\/\/www.semh2022.com\/?page_id=2377\">siguiente formulario<\/a> <strong>antes del d\u00eda 2 de noviembre<\/strong>, indicando la sesi\u00f3n en que desea incluirlo, as\u00ed como el formato preferente de presentaci\u00f3n (comunicaci\u00f3n oral o poster). La extensi\u00f3n del resumen no debe exceder de 20 l\u00edneas o 250 palabras aproximadamente.<\/p>\n<p style=\"text-align: justify;\">Tras la aceptaci\u00f3n del trabajo por el Comit\u00e9 Cient\u00edfico <strong>(fecha l\u00edmite 15 de noviembre de 2021)<\/strong>, para la aceptaci\u00f3n definitiva del trabajo, al menos, uno de los autores debe abonar la inscripci\u00f3n antes de la finalizaci\u00f3n del plazo de recepci\u00f3n de los trabajos completos corregidos (<strong>28 de febrero 2022<\/strong>)<\/p>\n<p style=\"text-align: justify;\">Si has enviado el resumen de tu comunicaci\u00f3n y este ha sido aceptado, ahora tienes que mandar tu comunicaci\u00f3n completa. Para ello tienes que descargar la plantilla de comunicaci\u00f3n completa, y rellenarla siguiendo las reglas que se indican a continuaci\u00f3n, y en la propia plantilla:<\/p>\n<ul>\n<li>La comunicaci\u00f3n resultante no puede exceder las 6 p\u00e1ginas.<\/li>\n<li>La plantilla ya est\u00e1 adaptada al formato pedido en cada uno de sus apartados, por lo que al editarla con vuestra informaci\u00f3n se debe respetar tanto la fuente del texto, como su tama\u00f1o y alineaci\u00f3n.<\/li>\n<li>Los apellidos y nombre abreviado del autor tienen que estar en may\u00fasculas sin comas ni puntos. En caso de haber m\u00e1s de un autor, ir\u00e1n separados por comas.<\/li>\n<\/ul>\n<p>EJEMPLO AUTORES: S\u00c1NCHEZ-L\u00d3PEZ JA, NOCITO J, BLANCO C<br \/>OJO: NUNCA PUNTOS Y COMAS NI GUIONES. NO TERMINAR\u00a0LA FRASE CON PUNTO.<\/p>\n<ul>\n<li>Las <strong>palabras clave<\/strong> en <strong>min\u00fascula separadas de comas<\/strong>.<\/li>\n<\/ul>\n<p>EJEMPLO PALABRAS CLAVE: Sensibilidad, resistencia, ahorro de agua<br \/>OJO: NUNCA PUNTOS Y COMAS NI GUIONES<\/p>\n<h3><span style=\"color: #99cc00;\">Formato de poster<\/span><\/h3>\n<p style=\"text-align: justify;\">Los <strong>posters<\/strong> estar\u00e1n colocados en el espacio que se les asigne durante los 3 d\u00edas que dure el congreso. Sus dimensiones no sobrepasar\u00e1n los <strong>90 cm de ancho por 120 cm de alto<\/strong>. Al menos uno de los autores del poster debe estar presente durante la \u00abSesi\u00f3n de poster\u00bb de cada d\u00eda.<a href=\"http:\/\/www.semh2022.com\/wp-content\/uploads\/2021\/09\/SEMh2022_plantilla_comunicacionescompletas.docx\" target=\"_blank\" rel=\"noopener\"><\/a><!--\/themify_builder_static--><\/p>\n<p><\/p>[\/et_pb_text][\/et_pb_column][\/et_pb_row][et_pb_row column_structure=\u00bb1_2,1_2&#8243; _builder_version=\u00bb4.16&#8243; _module_preset=\u00bbdefault\u00bb custom_padding=\u00bb9px||9px|||\u00bb global_colors_info=\u00bb{}\u00bb][et_pb_column type=\u00bb1_2&#8243; _builder_version=\u00bb4.16&#8243; _module_preset=\u00bbdefault\u00bb global_colors_info=\u00bb{}\u00bb][et_pb_button button_url=\u00bbhttp:\/\/www.semh2022.com\/?page_id=2377&#8243; button_text=\u00bbENV\u00cdO DE COMUNICACIONES COMPLETAS\u00bb button_alignment=\u00bbcenter\u00bb _builder_version=\u00bb4.16&#8243; _module_preset=\u00bbdefault\u00bb custom_button=\u00bbon\u00bb button_bg_color=\u00bb#b7ce23&#8243; background_layout=\u00bbdark\u00bb global_colors_info=\u00bb{}\u00bb][\/et_pb_button][\/et_pb_column][et_pb_column type=\u00bb1_2&#8243; _builder_version=\u00bb4.16&#8243; _module_preset=\u00bbdefault\u00bb global_colors_info=\u00bb{}\u00bb][et_pb_button button_url=\u00bbhttp:\/\/www.semh2022.com\/wp-content\/uploads\/2021\/09\/SEMh2022_plantilla_comunicacionescompletas.docx\u00bb url_new_window=\u00bbon\u00bb button_text=\u00bbPLANTILLA DE COMUNICACIONES\u00bb button_alignment=\u00bbcenter\u00bb _builder_version=\u00bb4.16&#8243; _module_preset=\u00bbdefault\u00bb custom_button=\u00bbon\u00bb button_bg_color=\u00bb#b7ce23&#8243; background_layout=\u00bbdark\u00bb global_colors_info=\u00bb{}\u00bb][\/et_pb_button][\/et_pb_column][\/et_pb_row][\/et_pb_section][et_pb_section fb_built=\u00bb1&#8243; _builder_version=\u00bb4.16&#8243; _module_preset=\u00bbdefault\u00bb custom_padding=\u00bb7px||0px|||\u00bb global_colors_info=\u00bb{}\u00bb][et_pb_row _builder_version=\u00bb4.16&#8243; _module_preset=\u00bbdefault\u00bb custom_margin=\u00bb-31px|auto||auto||\u00bb custom_padding=\u00bb||2px|||\u00bb locked=\u00bboff\u00bb global_colors_info=\u00bb{}\u00bb][et_pb_column type=\u00bb4_4&#8243; _builder_version=\u00bb4.16&#8243; _module_preset=\u00bbdefault\u00bb global_colors_info=\u00bb{}\u00bb][et_pb_text _builder_version=\u00bb4.17.1&#8243; _module_preset=\u00bbdefault\u00bb hover_enabled=\u00bb0&#8243; locked=\u00bboff\u00bb global_colors_info=\u00bb{}\u00bb sticky_enabled=\u00bb0&#8243;]<hr \/>\n\n<table style=\"width: 90%;\">\n<tbody>\n<tr>\n<td style=\"width: 100%; text-align: left;\"><strong>ORGANIZA<\/strong><\/td>\n<\/tr>\n<tr>\n<td style=\"width: 100%;\">\n<p style=\"text-align: left;\"><a href=\"http:\/\/cicytex.juntaex.es\/\" target=\"blank\" rel=\"noopener\"><img decoding=\"async\" src=\"http:\/\/www.semh2022.com\/wp-content\/uploads\/2021\/09\/cicytex-1-150x150.jpg\" alt=\"\" class=\"wp-image-2424 alignnone size-thumbnail\" width=\"120\" \/><\/a> <a href=\"https:\/\/semh.net\/\" target=\"_blank\" rel=\"noopener\"><img loading=\"lazy\" decoding=\"async\" src=\"http:\/\/www.semh2022.com\/wp-content\/uploads\/2021\/09\/30-anos-300x212.jpg\" alt=\"\" class=\"wp-image-2418 alignnone size-medium\" width=\"153\" height=\"108\" srcset=\"http:\/\/www.semh2022.com\/wp-content\/uploads\/2021\/09\/30-anos-300x212.jpg 300w, http:\/\/www.semh2022.com\/wp-content\/uploads\/2021\/09\/30-anos-1024x724.jpg 1024w, http:\/\/www.semh2022.com\/wp-content\/uploads\/2021\/09\/30-anos-768x543.jpg 768w, http:\/\/www.semh2022.com\/wp-content\/uploads\/2021\/09\/30-anos.jpg 1131w\" sizes=\"(max-width: 153px) 100vw, 153px\" \/><\/a>\u00a0<a href=\"https:\/\/semh.net\/\" target=\"_blank\" rel=\"noopener\"><img decoding=\"async\" src=\"http:\/\/www.semh2022.com\/wp-content\/uploads\/2021\/09\/shem-1-150x150.jpg\" alt=\"\" class=\"wp-image-2427 alignnone size-thumbnail\" style=\"margin-left: 20px;\" width=\"120\" \/><\/a>\u00a0<a href=\"http:\/\/www.juntaex.es\/con02\/\" target=\"_blank\" rel=\"noopener\"><img decoding=\"async\" src=\"http:\/\/www.semh2022.com\/wp-content\/uploads\/2021\/09\/junta-1.jpg\" alt=\"\" class=\"wp-image-2426 alignnone size-thumbnail\" style=\"margin-left: 20px;\" width=\"320\" srcset=\"http:\/\/www.semh2022.com\/wp-content\/uploads\/2021\/09\/junta-1.jpg 2138w, http:\/\/www.semh2022.com\/wp-content\/uploads\/2021\/09\/junta-1-300x112.jpg 300w, http:\/\/www.semh2022.com\/wp-content\/uploads\/2021\/09\/junta-1-1024x383.jpg 1024w, http:\/\/www.semh2022.com\/wp-content\/uploads\/2021\/09\/junta-1-768x287.jpg 768w, http:\/\/www.semh2022.com\/wp-content\/uploads\/2021\/09\/junta-1-1536x575.jpg 1536w, http:\/\/www.semh2022.com\/wp-content\/uploads\/2021\/09\/junta-1-2048x766.jpg 2048w\" sizes=\"(max-width: 2138px) 100vw, 2138px\" \/><\/a><\/p>\n<\/td>\n<\/tr>\n<tr>\n<td style=\"width: 100%; text-align: left;\"><strong>COLABORA<\/strong><\/td>\n<\/tr>\n<tr>\n<td style=\"width: 100%;\">\n<p style=\"text-align: left;\"><a href=\"https:\/\/merida.es\" target=\"blank\" rel=\"noopener\"><img decoding=\"async\" src=\"http:\/\/www.semh2022.com\/wp-content\/uploads\/2022\/04\/MARCA_AYUNTAMIENTO_MERIDA.jpg\" alt=\"\" class=\"wp-image-2424 alignnone size-thumbnail\" width=\"144\" \/><\/a> <a href=\"https:\/\/www.fundecyt-pctex.es\/\" target=\"blank\" rel=\"noopener\"><img loading=\"lazy\" decoding=\"async\" src=\"http:\/\/www.semh2022.com\/wp-content\/uploads\/2021\/09\/fundecyt-1.jpg\" alt=\"\" class=\"wp-image-2424 alignnone size-thumbnail\" width=\"184\" height=\"113\" \/><\/a> <a href=\"https:\/\/ctaex.com\/\" target=\"_blank\" rel=\"noopener\"><img loading=\"lazy\" decoding=\"async\" src=\"http:\/\/www.semh2022.com\/wp-content\/uploads\/2022\/02\/ctaex-1.png\" alt=\"\" class=\"wp-image-2423 alignnone size-thumbnail\" style=\"margin-left: 20px;\" width=\"241\" height=\"110\" \/><\/a> <a href=\"https:\/\/www.phytoma.com\/\" target=\"_blank\" rel=\"noopener\"><img loading=\"lazy\" decoding=\"async\" src=\"http:\/\/www.semh2022.com\/wp-content\/uploads\/2022\/03\/I-love-SVphytoma-vf-300x180.jpg\" alt=\"\" class=\"wp-image-3344 alignnone size-medium\" width=\"207\" height=\"124\" srcset=\"http:\/\/www.semh2022.com\/wp-content\/uploads\/2022\/03\/I-love-SVphytoma-vf-300x180.jpg 300w, http:\/\/www.semh2022.com\/wp-content\/uploads\/2022\/03\/I-love-SVphytoma-vf.jpg 335w\" sizes=\"(max-width: 207px) 100vw, 207px\" \/><\/a> <a href=\"https:\/\/www.interempresas.net\/FlipBooks\/TE\/\" target=\"_blank\" rel=\"noopener\"><img loading=\"lazy\" decoding=\"async\" src=\"http:\/\/www.semh2022.com\/wp-content\/uploads\/2022\/03\/Logo-TIERRASInterempresasMedia_grande-300x143.jpg\" alt=\"\" class=\"wp-image-3345 alignnone size-medium\" width=\"247\" height=\"118\" srcset=\"http:\/\/www.semh2022.com\/wp-content\/uploads\/2022\/03\/Logo-TIERRASInterempresasMedia_grande-300x143.jpg 300w, http:\/\/www.semh2022.com\/wp-content\/uploads\/2022\/03\/Logo-TIERRASInterempresasMedia_grande.jpg 422w\" sizes=\"(max-width: 247px) 100vw, 247px\" \/><\/a><\/p>\n<\/td>\n<\/tr>\n<\/tbody>\n<\/table>\n<p style=\"text-align: left;\"><strong>\u00a0 \u00a0\u00a0 PATROCINA<\/strong><\/p>\n\n<table style=\"width: 90%;\">\n<tbody>\n<tr style=\"height: 10px;\">\n<td style=\"width: 15%;\"><img loading=\"lazy\" decoding=\"async\" src=\"http:\/\/www.semh2022.com\/wp-content\/uploads\/2021\/08\/JUPITER-150x150.png\" alt=\"\" class=\"wp-image-2309 alignnone size-thumbnail\" style=\"display: block; margin-left: auto; margin-right: auto;\" width=\"150\" height=\"150\" \/><\/td>\n<td style=\"width: 15%;\"><a href=\"https:\/\/www.crextremadura.com\" target=\"_blank\" rel=\"noopener\" title=\"basf\"><img decoding=\"async\" src=\"http:\/\/www.semh2022.com\/wp-content\/uploads\/2022\/04\/logo_CAJARURAL.jpg\" alt=\"\" class=\"wp-image-3097 alignnone size-full\" style=\"display: block; margin-left: auto; margin-right: auto;\" width=\"381\" \/><\/a><\/td>\n<td style=\"width: 15%;\"><a href=\"https:\/\/www.basf.com\/es\/es.html\" target=\"_blank\" rel=\"noopener\" title=\"basf\"><img decoding=\"async\" src=\"http:\/\/www.semh2022.com\/wp-content\/uploads\/2021\/11\/basf.jpg\" alt=\"\" class=\"wp-image-3097 alignnone size-full\" style=\"display: block; margin-left: auto; margin-right: auto;\" width=\"381\" srcset=\"http:\/\/www.semh2022.com\/wp-content\/uploads\/2021\/11\/basf.jpg 381w, http:\/\/www.semh2022.com\/wp-content\/uploads\/2021\/11\/basf-300x158.jpg 300w\" sizes=\"(max-width: 381px) 100vw, 381px\" \/><\/a><\/td>\n<td style=\"width: 15%;\"><img decoding=\"async\" src=\"http:\/\/www.semh2022.com\/wp-content\/uploads\/2021\/11\/mesa_del_arroz-150x150.jpg\" alt=\"\" class=\"wp-image-3059 alignnone size-thumbnail\" style=\"display: block; margin-left: auto; margin-right: auto;\" width=\"150\" \/><\/td>\n<td style=\"width: 15%;\"><a href=\"https:\/\/fmcagro.es\/\" target=\"_blank\" rel=\"noopener\" title=\"FMC\"><img decoding=\"async\" src=\"http:\/\/www.semh2022.com\/wp-content\/uploads\/2022\/01\/fmc.jpg\" alt=\"\" class=\"wp-image-3227 alignnone size-full\" style=\"display: block; margin-left: auto; margin-right: auto;\" width=\"150\" srcset=\"http:\/\/www.semh2022.com\/wp-content\/uploads\/2022\/01\/fmc.jpg 334w, http:\/\/www.semh2022.com\/wp-content\/uploads\/2022\/01\/fmc-300x181.jpg 300w\" sizes=\"(max-width: 334px) 100vw, 334px\" \/><\/a><\/td>\n<td style=\"width: 15%;\"><a href=\"https:\/\/www.corteva.es\/\" target=\"_blank\" rel=\"noopener\" title=\"FMC\"><img decoding=\"async\" src=\"http:\/\/www.semh2022.com\/wp-content\/uploads\/2022\/02\/corteva.jpg\" alt=\"\" class=\"wp-image-3227 alignnone size-full\" style=\"display: block; margin-left: auto; margin-right: auto;\" width=\"180\" \/><\/a><\/td>\n<\/tr>\n<tr style=\"height: 10px;\">\n<td style=\"width: 15%;\"><img loading=\"lazy\" decoding=\"async\" src=\"http:\/\/www.semh2022.com\/wp-content\/uploads\/2021\/08\/CERES-150x150.png\" alt=\"\" class=\"wp-image-2313 alignnone size-thumbnail\" style=\"display: block; margin-left: auto; margin-right: auto;\" width=\"150\" height=\"150\" \/><\/td>\n<td style=\"width: 15%;\"><a href=\"https:\/\/www.bayer.com\/en\/crop-science\/crop-science-division\" target=\"_blank\" rel=\"noopener\" title=\"BAYER \"><img decoding=\"async\" src=\"http:\/\/www.semh2022.com\/wp-content\/uploads\/2021\/12\/bayer-1.jpg\" alt=\"\" class=\"wp-image-3128 alignnone size-full\" style=\"text-align: center; display: block; margin-left: auto; margin-right: auto;\" width=\"150\" \/><\/a><\/td>\n<td style=\"width: 15%; text-align: center;\"><a href=\"https:\/\/www.upl-ltd.com\/es\" target=\"_blank\" rel=\"noopener\" title=\"UPL\"><img loading=\"lazy\" decoding=\"async\" src=\"http:\/\/www.semh2022.com\/wp-content\/uploads\/2022\/01\/upl.jpg\" alt=\"\" class=\"wp-image-3226 alignnone size-full\" width=\"294\" height=\"201\" \/><\/a><\/td>\n<td style=\"width: 15%;\"><\/td>\n<td style=\"width: 15%;\"><\/td>\n<td style=\"width: 15%;\"><\/td>\n<\/tr>\n<tr style=\"height: 10px;\">\n<td style=\"width: 15%;\"><img loading=\"lazy\" decoding=\"async\" src=\"http:\/\/www.semh2022.com\/wp-content\/uploads\/2021\/08\/PROSERPINA-150x150.png\" alt=\"\" class=\"wp-image-2315 alignnone size-thumbnail\" style=\"display: block; margin-left: auto; margin-right: auto;\" width=\"150\" height=\"150\" \/><\/td>\n<td style=\"width: 15%;\"><a href=\"https:\/\/www.fieldtrialservices.com\/\" target=\"_blank\" rel=\"noopener\"><img decoding=\"async\" src=\"http:\/\/www.semh2022.com\/wp-content\/uploads\/2021\/11\/fts.jpg\" alt=\"\" class=\"wp-image-3031 alignnone size-full\" style=\"display: block; margin-left: auto; margin-right: auto;\" width=\"150\" \/><\/a><\/td>\n<td style=\"width: 15%;\"><a href=\"https:\/\/gowan.es\/\" target=\"_blank\" rel=\"noopener\" title=\"Gowan\"><img decoding=\"async\" src=\"http:\/\/www.semh2022.com\/wp-content\/uploads\/2021\/11\/gowan.jpg\" alt=\"\" class=\"wp-image-3098 alignnone size-full\" style=\"display: block; margin-left: auto; margin-right: auto;\" width=\"250\" srcset=\"http:\/\/www.semh2022.com\/wp-content\/uploads\/2021\/11\/gowan.jpg 423w, http:\/\/www.semh2022.com\/wp-content\/uploads\/2021\/11\/gowan-300x143.jpg 300w\" sizes=\"(max-width: 423px) 100vw, 423px\" \/><\/a><\/td>\n<td style=\"width: 15%;\"><a href=\"https:\/\/belchim.es\/\" target=\"_blank\" rel=\"noopener\" title=\"belchim.es\"><img decoding=\"async\" src=\"http:\/\/www.semh2022.com\/wp-content\/uploads\/2021\/12\/belchim.jpg\" alt=\"\" class=\"wp-image-3141 alignnone size-full\" style=\"display: block; margin-left: auto; margin-right: auto;\" width=\"150\" \/><\/a><\/td>\n<td style=\"width: 15%;\"><\/td>\n<td style=\"width: 15%;\"><\/td>\n<\/tr>\n<\/tbody>\n<\/table>\n\n<hr \/>\n<p style=\"text-align: center; tetx-color: #ededed; font-size: 14px;\"><a href=\"http:\/\/www.semh2022.com\/?page_id=3185\">Aviso Legal<\/a> y\u00a0 <a href=\"http:\/\/www.semh2022.com\/?page_id=3191\">Pol\u00edtica de Privacidad<\/a>\n<span style=\"color: #000000;\">FUNDECYT-PCTEX, Campus Universitario. Avda. Investigaci\u00f3n s\/n, 06006 &#8211; Badajoz, Espa\u00f1a<\/span><\/p>[\/et_pb_text][\/et_pb_column][\/et_pb_row][\/et_pb_section]","protected":false},"excerpt":{"rendered":"<p>Fechas importantes Env\u00edo de res\u00famenes Plazo cerrado &nbsp; Notificaci\u00f3n de aceptaci\u00f3n 15 de noviembre de 2021 Env\u00edo de comunicaciones completas Hasta el 31 de diciembre de 2021 &nbsp; Notificaci\u00f3n de posibles correcciones 30 de enero de 2022 Env\u00edo de comunicaciones completas definitivas 28 de febrero de 2022Presentaci\u00f3n de trabajos Los autores interesados en presentar un [&hellip;]<\/p>\n","protected":false},"author":134,"featured_media":0,"parent":0,"menu_order":0,"comment_status":"closed","ping_status":"open","template":"","meta":{"_et_pb_use_builder":"on","_et_pb_old_content":"<!--themify_builder_static--><img loading=\"lazy\" width=\"1960\" height=\"500\" src=\"http:\/\/www.semh2022.com\/wp-content\/uploads\/2021\/09\/2.jpg\" title=\"2\" alt=\"2\" srcset=\"http:\/\/www.semh2022.com\/wp-content\/uploads\/2021\/09\/2.jpg 1960w, http:\/\/www.semh2022.com\/wp-content\/uploads\/2021\/09\/2-300x77.jpg 300w, http:\/\/www.semh2022.com\/wp-content\/uploads\/2021\/09\/2-1024x261.jpg 1024w, http:\/\/www.semh2022.com\/wp-content\/uploads\/2021\/09\/2-768x196.jpg 768w, http:\/\/www.semh2022.com\/wp-content\/uploads\/2021\/09\/2-1536x392.jpg 1536w\" sizes=\"(max-width: 1960px) 100vw, 1960px\" \/>\n<h2>Fechas importantes<\/h2>\n<p style=\"text-align: center;\">Env\u00edo de <strong>res\u00famenes<\/strong><\/p> <h3 style=\"text-align: center;\"><strong>Hasta el 15 de octubre de 2021<\/strong><\/h3> <p>\u00a0<\/p> <p style=\"text-align: center;\">Notificaci\u00f3n de aceptaci\u00f3n<\/p> <h3 style=\"text-align: center;\"><strong>15 de noviembre de 2021<\/strong><\/h3>\n<p style=\"text-align: center;\">Env\u00edo de <strong>comunicaciones completas<\/strong><\/p> <h3 style=\"text-align: center;\"><strong>Hasta el 15 de diciembre de 2021<\/strong><\/h3> <p>&nbsp;<\/p> <p style=\"text-align: center;\">Notificaci\u00f3n de posibles correcciones<\/p> <h3 style=\"text-align: center;\"><strong>30 de enero de 2022<\/strong><\/h3>\n<p style=\"text-align: center;\">Env\u00edo de <strong>comunicaciones completas definitivas<\/strong><\/p> <h3 style=\"text-align: center;\"><strong>28 de febrero de 2022<\/strong><\/h3>\n<br \/>\n<h3>Presentaci\u00f3n de trabajos<\/h3> <p style=\"text-align: justify;\">Los autores interesados en presentar un trabajo deben enviar el resumen a trav\u00e9s del <a href=\"http:\/\/www.semh2022.com\/?page_id=2377\">siguiente formulario<\/a> <strong>antes del d\u00eda 15 de octubre<\/strong>, indicando la sesi\u00f3n en que desea incluirlo, as\u00ed como el formato preferente de presentaci\u00f3n (comunicaci\u00f3n oral o poster). La extensi\u00f3n del resumen no debe exceder de 20 l\u00edneas o 250 palabras aproximadamente.<\/p> <p style=\"text-align: justify;\">Tras la aceptaci\u00f3n del trabajo por el Comit\u00e9 Cient\u00edfico <strong>(fecha l\u00edmite 15 de noviembre de 2021)<\/strong>, para la aceptaci\u00f3n definitiva del trabajo, al menos, uno de los autores debe abonar la inscripci\u00f3n antes de la finalizaci\u00f3n del plazo de recepci\u00f3n de los trabajos completos corregidos (<strong>28 de febrero 2022<\/strong>)<\/p> <p style=\"text-align: justify;\">Si has enviado el resumen de tu comunicaci\u00f3n y este ha sido aceptado, ahora tienes que mandar tu comunicaci\u00f3n completa. Para ello tienes que descargar la plantilla de comunicaci\u00f3n completa, y rellenarla siguiendo las reglas que se indican a continuaci\u00f3n, y en la propia plantilla:<\/p> <ul> <li>La comunicaci\u00f3n resultante no puede exceder las 6 p\u00e1ginas.<\/li> <li>La plantilla ya est\u00e1 adaptada al formato pedido en cada uno de sus apartados, por lo que al editarla con vuestra informaci\u00f3n se debe respetar tanto la fuente del texto, como su tama\u00f1o y alineaci\u00f3n.<\/li> <li>Los apellidos y nombre abreviado del autor tienen que estar en may\u00fasculas sin comas ni puntos. En caso de haber m\u00e1s de un autor, ir\u00e1n separados por comas.<\/li> <\/ul> <p>EJEMPLO AUTORES: S\u00c1NCHEZ-L\u00d3PEZ JA, NOCITO J, BLANCO C<br \/>OJO: NUNCA PUNTOS Y COMAS NI GUIONES. NO TERMINAR\u00a0LA FRASE CON PUNTO.<\/p> <ul> <li>Las <strong>palabras clave<\/strong> en <strong>min\u00fascula separadas de comas<\/strong>.<\/li> <\/ul> <p>EJEMPLO PALABRAS CLAVE: Sensibilidad, resistencia, ahorro de agua<br \/>OJO: NUNCA PUNTOS Y COMAS NI GUIONES<\/p> <h3>\u00a0<\/h3> <h3>Formato de poster<\/h3> <p style=\"text-align: justify;\">Los <strong>posters<\/strong> estar\u00e1n colocados en el espacio que se les asigne durante los 3 d\u00edas que dure el congreso. Sus dimensiones no sobrepasar\u00e1n los <strong>90 cm de ancho por 120 cm de alto<\/strong>. Al menos uno de los autores del poster debe estar presente durante la \"Sesi\u00f3n de poster\" de cada d\u00eda.<\/p> <p>\u00a0<\/p>\n<a href=\"http:\/\/www.semh2022.com\/?page_id=2377\" > ENV\u00cdO DE RES\u00daMENES <\/a>\n<a href=\"http:\/\/www.semh2022.com\/wp-content\/uploads\/2021\/09\/SEMh2022_plantilla_comunicacionescompletas.docx\" target=\"_blank\" rel=\"noopener\"> PLANTILLA DE COMUNICACIONES <\/a><!--\/themify_builder_static-->\n\n<!-- wp:themify-builder\/canvas \/-->","_et_gb_content_width":"","footnotes":""},"class_list":["post-2246","page","type-page","status-publish","hentry"],"_links":{"self":[{"href":"http:\/\/www.semh2022.com\/index.php?rest_route=\/wp\/v2\/pages\/2246","targetHints":{"allow":["GET"]}}],"collection":[{"href":"http:\/\/www.semh2022.com\/index.php?rest_route=\/wp\/v2\/pages"}],"about":[{"href":"http:\/\/www.semh2022.com\/index.php?rest_route=\/wp\/v2\/types\/page"}],"author":[{"embeddable":true,"href":"http:\/\/www.semh2022.com\/index.php?rest_route=\/wp\/v2\/users\/134"}],"replies":[{"embeddable":true,"href":"http:\/\/www.semh2022.com\/index.php?rest_route=%2Fwp%2Fv2%2Fcomments&post=2246"}],"version-history":[{"count":68,"href":"http:\/\/www.semh2022.com\/index.php?rest_route=\/wp\/v2\/pages\/2246\/revisions"}],"predecessor-version":[{"id":3408,"href":"http:\/\/www.semh2022.com\/index.php?rest_route=\/wp\/v2\/pages\/2246\/revisions\/3408"}],"wp:attachment":[{"href":"http:\/\/www.semh2022.com\/index.php?rest_route=%2Fwp%2Fv2%2Fmedia&parent=2246"}],"curies":[{"name":"wp","href":"https:\/\/api.w.org\/{rel}","templated":true}]}}