{"id":2233,"date":"2021-08-10T09:29:35","date_gmt":"2021-08-10T09:29:35","guid":{"rendered":"http:\/\/www.semh2022.com\/?page_id=2233"},"modified":"2022-04-20T09:28:22","modified_gmt":"2022-04-20T09:28:22","slug":"comite_cientifico-2-4-2-2","status":"publish","type":"page","link":"http:\/\/www.semh2022.com\/?page_id=2233","title":{"rendered":"Comit\u00e9 Organizador"},"content":{"rendered":"<p>[et_pb_section fb_built=\u00bb1&#8243; fullwidth=\u00bbon\u00bb _builder_version=\u00bb4.16&#8243; _module_preset=\u00bbdefault\u00bb global_colors_info=\u00bb{}\u00bb][et_pb_fullwidth_image src=\u00bbhttp:\/\/www.semh2022.com\/wp-content\/uploads\/2021\/09\/5.jpg\u00bb _builder_version=\u00bb4.16&#8243; _module_preset=\u00bbdefault\u00bb global_colors_info=\u00bb{}\u00bb][\/et_pb_fullwidth_image][\/et_pb_section][et_pb_section fb_built=\u00bb1&#8243; admin_label=\u00bbsection\u00bb _builder_version=\u00bb4.16&#8243; custom_padding=\u00bb10px||3px|||\u00bb global_colors_info=\u00bb{}\u00bb][et_pb_row admin_label=\u00bbrow\u00bb _builder_version=\u00bb4.16&#8243; background_size=\u00bbinitial\u00bb background_position=\u00bbtop_left\u00bb background_repeat=\u00bbrepeat\u00bb width_tablet=\u00bb\u00bb width_phone=\u00bb98%\u00bb width_last_edited=\u00bbon|phone\u00bb custom_padding=\u00bb7px|||||\u00bb global_colors_info=\u00bb{}\u00bb][et_pb_column type=\u00bb4_4&#8243; _builder_version=\u00bb4.16&#8243; custom_padding=\u00bb|||\u00bb global_colors_info=\u00bb{}\u00bb custom_padding__hover=\u00bb|||\u00bb][et_pb_text admin_label=\u00bbText\u00bb _builder_version=\u00bb4.16&#8243; background_size=\u00bbinitial\u00bb background_position=\u00bbtop_left\u00bb background_repeat=\u00bbrepeat\u00bb global_colors_info=\u00bb{}\u00bb]<\/p>\n<h2>Comit\u00e9 Organizador<\/h2>\n<table style=\"height: 24px;\" width=\"100%\">\n<tbody>\n<tr>\n<td style=\"width: 55%;\"><span style=\"color: #99cc00;\"><strong>Coordinadora<\/strong><\/span><\/td>\n<td><\/td>\n<\/tr>\n<tr>\n<td style=\"width: 55%;\"><strong>Mar\u00eda Dolores Osuna Ruiz<\/strong><\/td>\n<td>CICYTEX<\/td>\n<\/tr>\n<tr>\n<td style=\"width: 55%;\"><span style=\"color: #99cc00;\"><strong>Secretaria<\/strong><\/span><\/td>\n<td><\/td>\n<\/tr>\n<tr>\n<td style=\"width: 55%;\"><strong>Ana de Santiago Rold\u00e1n<\/strong><\/td>\n<td>CICYTEX<\/td>\n<\/tr>\n<tr>\n<td style=\"width: 55%;\"><span style=\"color: #99cc00;\"><strong>Vocales<\/strong><\/span><\/td>\n<td><\/td>\n<\/tr>\n<tr>\n<td style=\"width: 55%;\"><strong>Estefan\u00eda Minero Carrasco<\/strong><\/td>\n<td>CICYTEX<\/td>\n<\/tr>\n<tr>\n<td style=\"width: 55%;\"><strong>Mar\u00eda Blanca Garc\u00eda Garc\u00eda<\/strong><\/td>\n<td>CICYTEX<\/td>\n<\/tr>\n<tr>\n<td style=\"width: 55%;\"><strong>M.\u00aa Isabel Rubio Augusto<\/strong><\/td>\n<td>CICYTEX<\/td>\n<\/tr>\n<tr>\n<td style=\"width: 55%;\"><strong>Laura Mart\u00edn Blanco<\/strong><\/td>\n<td>CICYTEX<\/td>\n<\/tr>\n<tr>\n<td style=\"width: 55%;\"><strong>Carmen Rodr\u00edguez Molina<\/strong><\/td>\n<td>CICYTEX<\/td>\n<\/tr>\n<tr>\n<td style=\"width: 55%;\"><strong>Paula Serrano P\u00e9rez<\/strong><\/td>\n<td>CICYTEX<\/td>\n<\/tr>\n<tr>\n<td style=\"width: 55%;\"><strong>Enrique Cardillo Amo<\/strong><\/td>\n<td>CICYTEX<\/td>\n<\/tr>\n<tr>\n<td style=\"width: 55%;\"><strong>Carmen Gonz\u00e1lez Ramos<\/strong><\/td>\n<td>CICYTEX<\/td>\n<\/tr>\n<tr>\n<td style=\"width: 55%;\"><strong>Jer\u00f3nimo Gonz\u00e1lez Cort\u00e9s<\/strong><\/td>\n<td>CICYTEX<\/td>\n<\/tr>\n<tr>\n<td style=\"width: 55%;\"><strong>Isabel Cahla<\/strong><\/td>\n<td>INIAV (Oeiras, Portugal)<\/td>\n<\/tr>\n<tr>\n<td style=\"width: 55%;\"><strong>Nuria Pedrol<\/strong><\/td>\n<td>Universidad de Vigo<\/td>\n<\/tr>\n<tr>\n<td style=\"width: 55%;\"><strong>Jos\u00e9 Antonio Palmer\u00edn Romero<\/strong><\/td>\n<td>Servicio Sanidad Vegetal (Junta Extremadura)<\/td>\n<\/tr>\n<tr>\n<td style=\"width: 55%;\"><strong>Jos\u00e9 Mar\u00eda Quiles Pecos<\/strong><\/td>\n<td>Servicio Sanidad Vegetal (Junta Extremadura)<\/td>\n<\/tr>\n<tr>\n<td style=\"width: 55%;\"><strong>Pilar Garc\u00eda P\u00e9rez<br \/><\/strong><\/td>\n<td>CTAEX<\/td>\n<\/tr>\n<tr>\n<td style=\"width: 55%;\"><span style=\"color: #99cc00;\"><strong>Secretar\u00eda T\u00e9cnica<\/strong><\/span><\/td>\n<td><\/td>\n<\/tr>\n<tr>\n<td style=\"width: 55%;\"><strong>Alejandro Garc\u00eda Silvestre<\/strong><\/td>\n<td>FUNDECYT-PCTEX<\/td>\n<\/tr>\n<tr>\n<td style=\"width: 55%;\"><strong>Raquel Borrego Campos<\/strong><\/td>\n<td>FUNDECYT-PCTEX<\/td>\n<\/tr>\n<\/tbody>\n<\/table>\n<h2>Comit\u00e9 Cient\u00edfico<\/h2>\n<table style=\"height: 24px;\" width=\"100%\">\n<tbody>\n<tr>\n<td style=\"width: 55%;\"><strong>Joaqu\u00edn Aibar<\/strong><\/td>\n<td>Universidad de Zaragoza<\/td>\n<\/tr>\n<tr>\n<td style=\"width: 55%;\"><strong>Ana Isabel Mar\u00ed<\/strong><\/td>\n<td>CITA<\/td>\n<\/tr>\n<tr>\n<td style=\"width: 55%;\"><strong>Alicia Cirujeda<\/strong><\/td>\n<td>CITA<\/td>\n<\/tr>\n<tr>\n<td style=\"width: 55%;\"><strong>Gabriel Pardo<\/strong><\/td>\n<td>CITA<\/td>\n<\/tr>\n<tr>\n<td style=\"width: 55%;\"><strong>Jos\u00e9 Mar\u00eda Osca<\/strong><\/td>\n<td>Universidad Polit\u00e9cnica de Valencia<\/td>\n<\/tr>\n<tr>\n<td style=\"width: 55%;\"><strong>Diego G\u00f3mez de Barreda<\/strong><\/td>\n<td>Universidad Polit\u00e9cnica de Valencia<\/td>\n<\/tr>\n<tr>\n<td style=\"width: 55%;\"><strong>Joel Torra<\/strong><\/td>\n<td>Universitat de Lleida<\/td>\n<\/tr>\n<tr>\n<td style=\"width: 55%;\"><strong>Jordi Recassens<\/strong><\/td>\n<td>Universitat de Lleida<\/td>\n<\/tr>\n<tr>\n<td style=\"width: 55%;\"><strong>Aritz Royo<\/strong><\/td>\n<td>Universitat de Lleida<\/td>\n<\/tr>\n<tr>\n<td style=\"width: 55%;\"><strong>Jos\u00e9 Mar\u00eda Montull<\/strong><\/td>\n<td>Universitat de Lleida<\/td>\n<\/tr>\n<tr>\n<td style=\"width: 55%;\"><strong>Nuria L\u00f3pez<\/strong><\/td>\n<td>Universidad de Sevilla<\/td>\n<\/tr>\n<tr>\n<td style=\"width: 55%;\"><strong>Jos\u00e9 Mar\u00eda Urbano<\/strong><\/td>\n<td>Universidad de Sevilla<\/td>\n<\/tr>\n<tr>\n<td style=\"width: 55%;\"><strong>Fernando Bastida<\/strong><\/td>\n<td>Universidad de Huelva<\/td>\n<\/tr>\n<tr>\n<td style=\"width: 55%;\"><strong>Julio Men\u00e9ndez<\/strong><\/td>\n<td>Universidad de Huelva<\/td>\n<\/tr>\n<tr>\n<td style=\"width: 55%;\"><strong>Jos\u00e9 Luis Gonz\u00e1lez And\u00fajar<\/strong><\/td>\n<td>CSIC-C\u00f3rdoba<\/td>\n<\/tr>\n<tr>\n<td style=\"width: 55%;\"><strong>Francisca L\u00f3pez-Granados<\/strong><\/td>\n<td>CSIC-C\u00f3rdoba<\/td>\n<\/tr>\n<tr>\n<td style=\"width: 55%;\"><strong>Jos\u00e9 Manuel Pe\u00f1a<\/strong><\/td>\n<td>CSIC-Madrid<\/td>\n<\/tr>\n<tr>\n<td style=\"width: 55%;\"><strong>Jos\u00e9 Dorado<\/strong><\/td>\n<td>CSIC-Madrid<\/td>\n<\/tr>\n<tr>\n<td style=\"width: 55%;\"><strong>I\u00f1igo Loureiro<\/strong><\/td>\n<td>INIA-Madrid<\/td>\n<\/tr>\n<tr>\n<td style=\"width: 55%;\"><strong>Ana Isabel Castro<\/strong><\/td>\n<td>INIA-Madrid<\/td>\n<\/tr>\n<tr>\n<td style=\"width: 55%;\"><strong>Ana Zabalza<\/strong><\/td>\n<td>Universidad P\u00fablica de Navarra<\/td>\n<\/tr>\n<tr>\n<td style=\"width: 55%;\"><strong>Mercedes Royuela<\/strong><\/td>\n<td>Universidad P\u00fablica de Navarra<\/td>\n<\/tr>\n<tr>\n<td style=\"width: 55%;\"><strong>Irache Garnica<\/strong><\/td>\n<td>INTIA-Navarra<\/td>\n<\/tr>\n<tr>\n<td style=\"width: 55%;\"><strong>Isabel Cahla<\/strong><\/td>\n<td>INIAV-Portugal<\/td>\n<\/tr>\n<tr>\n<td style=\"width: 55%;\"><strong>Joao Portugal<\/strong><\/td>\n<td>Universidad de Beja-Portugal<\/td>\n<\/tr>\n<tr>\n<td style=\"width: 55%;\"><strong>Nuria Pedrol<\/strong><\/td>\n<td>Universidad de Vigo<\/td>\n<\/tr>\n<tr>\n<td style=\"width: 55%;\"><strong>Teresa Sosa<\/strong><\/td>\n<td>Universidad de Extremadura<\/td>\n<\/tr>\n<\/tbody>\n<\/table>\n<p>[\/et_pb_text][\/et_pb_column][\/et_pb_row][\/et_pb_section][et_pb_section fb_built=\u00bb1&#8243; _builder_version=\u00bb4.16&#8243; _module_preset=\u00bbdefault\u00bb custom_padding=\u00bb7px||0px|||\u00bb global_colors_info=\u00bb{}\u00bb][et_pb_row _builder_version=\u00bb4.16&#8243; _module_preset=\u00bbdefault\u00bb custom_margin=\u00bb-31px|auto||auto||\u00bb custom_padding=\u00bb||2px|||\u00bb locked=\u00bboff\u00bb global_colors_info=\u00bb{}\u00bb][et_pb_column type=\u00bb4_4&#8243; _builder_version=\u00bb4.16&#8243; _module_preset=\u00bbdefault\u00bb global_colors_info=\u00bb{}\u00bb][et_pb_text _builder_version=\u00bb4.17.1&#8243; _module_preset=\u00bbdefault\u00bb hover_enabled=\u00bb0&#8243; locked=\u00bboff\u00bb global_colors_info=\u00bb{}\u00bb sticky_enabled=\u00bb0&#8243;]<\/p>\n<hr \/>\n<table style=\"width: 90%;\">\n<tbody>\n<tr>\n<td style=\"width: 100%; text-align: left;\"><strong>ORGANIZA<\/strong><\/td>\n<\/tr>\n<tr>\n<td style=\"width: 100%;\">\n<p style=\"text-align: left;\"><a href=\"http:\/\/cicytex.juntaex.es\/\" target=\"blank\" rel=\"noopener\"><img decoding=\"async\" src=\"http:\/\/www.semh2022.com\/wp-content\/uploads\/2021\/09\/cicytex-1-150x150.jpg\" alt=\"\" class=\"wp-image-2424 alignnone size-thumbnail\" width=\"120\" \/><\/a> <a href=\"https:\/\/semh.net\/\" target=\"_blank\" rel=\"noopener\"><img loading=\"lazy\" decoding=\"async\" src=\"http:\/\/www.semh2022.com\/wp-content\/uploads\/2021\/09\/30-anos-300x212.jpg\" alt=\"\" class=\"wp-image-2418 alignnone size-medium\" width=\"153\" height=\"108\" srcset=\"http:\/\/www.semh2022.com\/wp-content\/uploads\/2021\/09\/30-anos-300x212.jpg 300w, http:\/\/www.semh2022.com\/wp-content\/uploads\/2021\/09\/30-anos-1024x724.jpg 1024w, http:\/\/www.semh2022.com\/wp-content\/uploads\/2021\/09\/30-anos-768x543.jpg 768w, http:\/\/www.semh2022.com\/wp-content\/uploads\/2021\/09\/30-anos.jpg 1131w\" sizes=\"(max-width: 153px) 100vw, 153px\" \/><\/a>\u00a0<a href=\"https:\/\/semh.net\/\" target=\"_blank\" rel=\"noopener\"><img decoding=\"async\" src=\"http:\/\/www.semh2022.com\/wp-content\/uploads\/2021\/09\/shem-1-150x150.jpg\" alt=\"\" class=\"wp-image-2427 alignnone size-thumbnail\" style=\"margin-left: 20px;\" width=\"120\" \/><\/a>\u00a0<a href=\"http:\/\/www.juntaex.es\/con02\/\" target=\"_blank\" rel=\"noopener\"><img decoding=\"async\" src=\"http:\/\/www.semh2022.com\/wp-content\/uploads\/2021\/09\/junta-1.jpg\" alt=\"\" class=\"wp-image-2426 alignnone size-thumbnail\" style=\"margin-left: 20px;\" width=\"320\" srcset=\"http:\/\/www.semh2022.com\/wp-content\/uploads\/2021\/09\/junta-1.jpg 2138w, http:\/\/www.semh2022.com\/wp-content\/uploads\/2021\/09\/junta-1-300x112.jpg 300w, http:\/\/www.semh2022.com\/wp-content\/uploads\/2021\/09\/junta-1-1024x383.jpg 1024w, http:\/\/www.semh2022.com\/wp-content\/uploads\/2021\/09\/junta-1-768x287.jpg 768w, http:\/\/www.semh2022.com\/wp-content\/uploads\/2021\/09\/junta-1-1536x575.jpg 1536w, http:\/\/www.semh2022.com\/wp-content\/uploads\/2021\/09\/junta-1-2048x766.jpg 2048w\" sizes=\"(max-width: 2138px) 100vw, 2138px\" \/><\/a><\/p>\n<\/td>\n<\/tr>\n<tr>\n<td style=\"width: 100%; text-align: left;\"><strong>COLABORA<\/strong><\/td>\n<\/tr>\n<tr>\n<td style=\"width: 100%;\">\n<p style=\"text-align: left;\"><a href=\"https:\/\/merida.es\" target=\"blank\" rel=\"noopener\"><img decoding=\"async\" src=\"http:\/\/www.semh2022.com\/wp-content\/uploads\/2022\/04\/MARCA_AYUNTAMIENTO_MERIDA.jpg\" alt=\"\" class=\"wp-image-2424 alignnone size-thumbnail\" width=\"144\" \/><\/a> <a href=\"https:\/\/www.fundecyt-pctex.es\/\" target=\"blank\" rel=\"noopener\"><img loading=\"lazy\" decoding=\"async\" src=\"http:\/\/www.semh2022.com\/wp-content\/uploads\/2021\/09\/fundecyt-1.jpg\" alt=\"\" class=\"wp-image-2424 alignnone size-thumbnail\" width=\"184\" height=\"113\" \/><\/a> <a href=\"https:\/\/ctaex.com\/\" target=\"_blank\" rel=\"noopener\"><img loading=\"lazy\" decoding=\"async\" src=\"http:\/\/www.semh2022.com\/wp-content\/uploads\/2022\/02\/ctaex-1.png\" alt=\"\" class=\"wp-image-2423 alignnone size-thumbnail\" style=\"margin-left: 20px;\" width=\"241\" height=\"110\" \/><\/a> <a href=\"https:\/\/www.phytoma.com\/\" target=\"_blank\" rel=\"noopener\"><img loading=\"lazy\" decoding=\"async\" src=\"http:\/\/www.semh2022.com\/wp-content\/uploads\/2022\/03\/I-love-SVphytoma-vf-300x180.jpg\" alt=\"\" class=\"wp-image-3344 alignnone size-medium\" width=\"207\" height=\"124\" srcset=\"http:\/\/www.semh2022.com\/wp-content\/uploads\/2022\/03\/I-love-SVphytoma-vf-300x180.jpg 300w, http:\/\/www.semh2022.com\/wp-content\/uploads\/2022\/03\/I-love-SVphytoma-vf.jpg 335w\" sizes=\"(max-width: 207px) 100vw, 207px\" \/><\/a> <a href=\"https:\/\/www.interempresas.net\/FlipBooks\/TE\/\" target=\"_blank\" rel=\"noopener\"><img loading=\"lazy\" decoding=\"async\" src=\"http:\/\/www.semh2022.com\/wp-content\/uploads\/2022\/03\/Logo-TIERRASInterempresasMedia_grande-300x143.jpg\" alt=\"\" class=\"wp-image-3345 alignnone size-medium\" width=\"247\" height=\"118\" srcset=\"http:\/\/www.semh2022.com\/wp-content\/uploads\/2022\/03\/Logo-TIERRASInterempresasMedia_grande-300x143.jpg 300w, http:\/\/www.semh2022.com\/wp-content\/uploads\/2022\/03\/Logo-TIERRASInterempresasMedia_grande.jpg 422w\" sizes=\"(max-width: 247px) 100vw, 247px\" \/><\/a><\/p>\n<\/td>\n<\/tr>\n<\/tbody>\n<\/table>\n<p style=\"text-align: left;\"><strong>\u00a0 \u00a0\u00a0 PATROCINA<\/strong><\/p>\n<table style=\"width: 90%;\">\n<tbody>\n<tr style=\"height: 10px;\">\n<td style=\"width: 15%;\"><img loading=\"lazy\" decoding=\"async\" src=\"http:\/\/www.semh2022.com\/wp-content\/uploads\/2021\/08\/JUPITER-150x150.png\" alt=\"\" class=\"wp-image-2309 alignnone size-thumbnail\" style=\"display: block; margin-left: auto; margin-right: auto;\" width=\"150\" height=\"150\" \/><\/td>\n<td style=\"width: 15%;\"><a href=\"https:\/\/www.crextremadura.com\" target=\"_blank\" rel=\"noopener\" title=\"basf\"><img decoding=\"async\" src=\"http:\/\/www.semh2022.com\/wp-content\/uploads\/2022\/04\/logo_CAJARURAL.jpg\" alt=\"\" class=\"wp-image-3097 alignnone size-full\" style=\"display: block; margin-left: auto; margin-right: auto;\" width=\"381\" \/><\/a><\/td>\n<td style=\"width: 15%;\"><a href=\"https:\/\/www.basf.com\/es\/es.html\" target=\"_blank\" rel=\"noopener\" title=\"basf\"><img decoding=\"async\" src=\"http:\/\/www.semh2022.com\/wp-content\/uploads\/2021\/11\/basf.jpg\" alt=\"\" class=\"wp-image-3097 alignnone size-full\" style=\"display: block; margin-left: auto; margin-right: auto;\" width=\"381\" srcset=\"http:\/\/www.semh2022.com\/wp-content\/uploads\/2021\/11\/basf.jpg 381w, http:\/\/www.semh2022.com\/wp-content\/uploads\/2021\/11\/basf-300x158.jpg 300w\" sizes=\"(max-width: 381px) 100vw, 381px\" \/><\/a><\/td>\n<td style=\"width: 15%;\"><img decoding=\"async\" src=\"http:\/\/www.semh2022.com\/wp-content\/uploads\/2021\/11\/mesa_del_arroz-150x150.jpg\" alt=\"\" class=\"wp-image-3059 alignnone size-thumbnail\" style=\"display: block; margin-left: auto; margin-right: auto;\" width=\"150\" \/><\/td>\n<td style=\"width: 15%;\"><a href=\"https:\/\/fmcagro.es\/\" target=\"_blank\" rel=\"noopener\" title=\"FMC\"><img decoding=\"async\" src=\"http:\/\/www.semh2022.com\/wp-content\/uploads\/2022\/01\/fmc.jpg\" alt=\"\" class=\"wp-image-3227 alignnone size-full\" style=\"display: block; margin-left: auto; margin-right: auto;\" width=\"150\" srcset=\"http:\/\/www.semh2022.com\/wp-content\/uploads\/2022\/01\/fmc.jpg 334w, http:\/\/www.semh2022.com\/wp-content\/uploads\/2022\/01\/fmc-300x181.jpg 300w\" sizes=\"(max-width: 334px) 100vw, 334px\" \/><\/a><\/td>\n<td style=\"width: 15%;\"><a href=\"https:\/\/www.corteva.es\/\" target=\"_blank\" rel=\"noopener\" title=\"FMC\"><img decoding=\"async\" src=\"http:\/\/www.semh2022.com\/wp-content\/uploads\/2022\/02\/corteva.jpg\" alt=\"\" class=\"wp-image-3227 alignnone size-full\" style=\"display: block; margin-left: auto; margin-right: auto;\" width=\"180\" \/><\/a><\/td>\n<\/tr>\n<tr style=\"height: 10px;\">\n<td style=\"width: 15%;\"><img loading=\"lazy\" decoding=\"async\" src=\"http:\/\/www.semh2022.com\/wp-content\/uploads\/2021\/08\/CERES-150x150.png\" alt=\"\" class=\"wp-image-2313 alignnone size-thumbnail\" style=\"display: block; margin-left: auto; margin-right: auto;\" width=\"150\" height=\"150\" \/><\/td>\n<td style=\"width: 15%;\"><a href=\"https:\/\/www.bayer.com\/en\/crop-science\/crop-science-division\" target=\"_blank\" rel=\"noopener\" title=\"BAYER \"><img decoding=\"async\" src=\"http:\/\/www.semh2022.com\/wp-content\/uploads\/2021\/12\/bayer-1.jpg\" alt=\"\" class=\"wp-image-3128 alignnone size-full\" style=\"text-align: center; display: block; margin-left: auto; margin-right: auto;\" width=\"150\" \/><\/a><\/td>\n<td style=\"width: 15%; text-align: center;\"><a href=\"https:\/\/www.upl-ltd.com\/es\" target=\"_blank\" rel=\"noopener\" title=\"UPL\"><img loading=\"lazy\" decoding=\"async\" src=\"http:\/\/www.semh2022.com\/wp-content\/uploads\/2022\/01\/upl.jpg\" alt=\"\" class=\"wp-image-3226 alignnone size-full\" width=\"294\" height=\"201\" \/><\/a><\/td>\n<td style=\"width: 15%;\"><\/td>\n<td style=\"width: 15%;\"><\/td>\n<td style=\"width: 15%;\"><\/td>\n<\/tr>\n<tr style=\"height: 10px;\">\n<td style=\"width: 15%;\"><img loading=\"lazy\" decoding=\"async\" src=\"http:\/\/www.semh2022.com\/wp-content\/uploads\/2021\/08\/PROSERPINA-150x150.png\" alt=\"\" class=\"wp-image-2315 alignnone size-thumbnail\" style=\"display: block; margin-left: auto; margin-right: auto;\" width=\"150\" height=\"150\" \/><\/td>\n<td style=\"width: 15%;\"><a href=\"https:\/\/www.fieldtrialservices.com\/\" target=\"_blank\" rel=\"noopener\"><img decoding=\"async\" src=\"http:\/\/www.semh2022.com\/wp-content\/uploads\/2021\/11\/fts.jpg\" alt=\"\" class=\"wp-image-3031 alignnone size-full\" style=\"display: block; margin-left: auto; margin-right: auto;\" width=\"150\" \/><\/a><\/td>\n<td style=\"width: 15%;\"><a href=\"https:\/\/gowan.es\/\" target=\"_blank\" rel=\"noopener\" title=\"Gowan\"><img decoding=\"async\" src=\"http:\/\/www.semh2022.com\/wp-content\/uploads\/2021\/11\/gowan.jpg\" alt=\"\" class=\"wp-image-3098 alignnone size-full\" style=\"display: block; margin-left: auto; margin-right: auto;\" width=\"250\" srcset=\"http:\/\/www.semh2022.com\/wp-content\/uploads\/2021\/11\/gowan.jpg 423w, http:\/\/www.semh2022.com\/wp-content\/uploads\/2021\/11\/gowan-300x143.jpg 300w\" sizes=\"(max-width: 423px) 100vw, 423px\" \/><\/a><\/td>\n<td style=\"width: 15%;\"><a href=\"https:\/\/belchim.es\/\" target=\"_blank\" rel=\"noopener\" title=\"belchim.es\"><img decoding=\"async\" src=\"http:\/\/www.semh2022.com\/wp-content\/uploads\/2021\/12\/belchim.jpg\" alt=\"\" class=\"wp-image-3141 alignnone size-full\" style=\"display: block; margin-left: auto; margin-right: auto;\" width=\"150\" \/><\/a><\/td>\n<td style=\"width: 15%;\"><\/td>\n<td style=\"width: 15%;\"><\/td>\n<\/tr>\n<\/tbody>\n<\/table>\n<hr \/>\n<p style=\"text-align: center; tetx-color: #ededed; font-size: 14px;\"><a href=\"http:\/\/www.semh2022.com\/?page_id=3185\">Aviso Legal<\/a> y\u00a0 <a href=\"http:\/\/www.semh2022.com\/?page_id=3191\">Pol\u00edtica de Privacidad<\/a><br \/>\n<span style=\"color: #000000;\">FUNDECYT-PCTEX, Campus Universitario. Avda. Investigaci\u00f3n s\/n, 06006 &#8211; Badajoz, Espa\u00f1a<\/span><\/p>\n<p>[\/et_pb_text][\/et_pb_column][\/et_pb_row][\/et_pb_section]<\/p>\n","protected":false},"excerpt":{"rendered":"<p>Comit\u00e9 Organizador Coordinadora Mar\u00eda Dolores Osuna Ruiz CICYTEX Secretaria Ana de Santiago Rold\u00e1n CICYTEX Vocales Estefan\u00eda Minero Carrasco CICYTEX Mar\u00eda Blanca Garc\u00eda Garc\u00eda CICYTEX M.\u00aa Isabel Rubio Augusto CICYTEX Laura Mart\u00edn Blanco CICYTEX Carmen Rodr\u00edguez Molina CICYTEX Paula Serrano P\u00e9rez CICYTEX Enrique Cardillo Amo CICYTEX Carmen Gonz\u00e1lez Ramos CICYTEX Jer\u00f3nimo Gonz\u00e1lez Cort\u00e9s CICYTEX Isabel Cahla [&hellip;]<\/p>\n","protected":false},"author":134,"featured_media":0,"parent":0,"menu_order":0,"comment_status":"closed","ping_status":"open","template":"","meta":{"_et_pb_use_builder":"on","_et_pb_old_content":"<!-- wp:themify-builder\/canvas \/-->\n\n<p><!--themify_builder_static--><img src=\"http:\/\/www.semh2022.com\/wp-content\/uploads\/2021\/09\/5.jpg\" sizes=\"(max-width: 1960px) 100vw, 1960px\" srcset=\"http:\/\/www.semh2022.com\/wp-content\/uploads\/2021\/09\/5.jpg 1960w, http:\/\/www.semh2022.com\/wp-content\/uploads\/2021\/09\/5-300x77.jpg 300w, http:\/\/www.semh2022.com\/wp-content\/uploads\/2021\/09\/5-1024x261.jpg 1024w, http:\/\/www.semh2022.com\/wp-content\/uploads\/2021\/09\/5-768x196.jpg 768w, http:\/\/www.semh2022.com\/wp-content\/uploads\/2021\/09\/5-1536x392.jpg 1536w\" alt=\"5\" width=\"1960\" height=\"500\" \/><\/p>\n<h2>Comit\u00e9 Organizador<\/h2>\n<table style=\"height: 24px;\" width=\"100%\">\n<tbody>\n<tr>\n<td style=\"width: 55%;\"><strong>Coordinadora<\/strong><\/td>\n<td>\u00a0<\/td>\n<\/tr>\n<tr>\n<td style=\"width: 55%;\"><strong>Mar\u00eda Dolores Osuna Ruiz<\/strong><\/td>\n<td>CICYTEX<\/td>\n<\/tr>\n<tr>\n<td style=\"width: 55%;\"><strong>Secretaria<\/strong><\/td>\n<td>\u00a0<\/td>\n<\/tr>\n<tr>\n<td style=\"width: 55%;\"><strong>Ana de Santiago Rold\u00e1n<\/strong><\/td>\n<td>CICYTEX<\/td>\n<\/tr>\n<tr>\n<td style=\"width: 55%;\"><strong>Vocales<\/strong><\/td>\n<td>\u00a0<\/td>\n<\/tr>\n<tr>\n<td style=\"width: 55%;\"><strong>Estefan\u00eda Minero Carrasco<\/strong><\/td>\n<td>CICYTEX<\/td>\n<\/tr>\n<tr>\n<td style=\"width: 55%;\"><strong>Mar\u00eda Blanca Garc\u00eda Garc\u00eda<\/strong><\/td>\n<td>CICYTEX<\/td>\n<\/tr>\n<tr>\n<td style=\"width: 55%;\"><strong>M.\u00aa Isabel Rubio Augusto<\/strong><\/td>\n<td>CICYTEX<\/td>\n<\/tr>\n<tr>\n<td style=\"width: 55%;\"><strong>Laura Mart\u00edn Blanco<\/strong><\/td>\n<td>CICYTEX<\/td>\n<\/tr>\n<tr>\n<td style=\"width: 55%;\"><strong>Carmen Rodr\u00edguez Molina<\/strong><\/td>\n<td>CICYTEX<\/td>\n<\/tr>\n<tr>\n<td style=\"width: 55%;\"><strong>Paula Serrano P\u00e9rez<\/strong><\/td>\n<td>CICYTEX<\/td>\n<\/tr>\n<tr>\n<td style=\"width: 55%;\"><strong>Enrique Cardillo Amo<\/strong><\/td>\n<td>CICYTEX<\/td>\n<\/tr>\n<tr>\n<td style=\"width: 55%;\"><strong>Carmen Gonz\u00e1lez Ramos<\/strong><\/td>\n<td>CICYTEX<\/td>\n<\/tr>\n<tr>\n<td style=\"width: 55%;\"><strong>Jer\u00f3nimo Gonz\u00e1lez Cort\u00e9s<\/strong><\/td>\n<td>CICYTEX<\/td>\n<\/tr>\n<tr>\n<td style=\"width: 55%;\"><strong>Isabel Cahla<\/strong><\/td>\n<td>INIAV (Oeiras, Portugal)<\/td>\n<\/tr>\n<tr>\n<td style=\"width: 55%;\"><strong>Nuria Pedrol<\/strong><\/td>\n<td>Universidad de Vigo<\/td>\n<\/tr>\n<tr>\n<td style=\"width: 55%;\"><strong>Jos\u00e9 Antonio Palmer\u00edn Romero<\/strong><\/td>\n<td>Servicio Sanidad Vegetal (Junta Extremadura)<\/td>\n<\/tr>\n<tr>\n<td style=\"width: 55%;\"><strong>Jos\u00e9 Mar\u00eda Quiles Pecos<\/strong><\/td>\n<td>Servicio Sanidad Vegetal (Junta Extremadura)<\/td>\n<\/tr>\n<tr>\n<td style=\"width: 55%;\"><strong>Pilar Garc\u00eda P\u00e9rez<br \/><\/strong><\/td>\n<td>CTAEX<\/td>\n<\/tr>\n<tr>\n<td style=\"width: 55%;\"><strong>Secretar\u00eda T\u00e9cnica<\/strong><\/td>\n<td>\u00a0<\/td>\n<\/tr>\n<tr>\n<td style=\"width: 55%;\"><strong>Alejandro Garc\u00eda Silvestre<\/strong><\/td>\n<td>FUNDECYT-PCTEX<\/td>\n<\/tr>\n<tr>\n<td style=\"width: 55%;\"><strong>Raquel Borrego Campos<\/strong><\/td>\n<td>FUNDECYT-PCTEX<\/td>\n<\/tr>\n<\/tbody>\n<\/table>\n<h2>Comit\u00e9 Cient\u00edfico<\/h2>\n<table style=\"height: 24px;\" width=\"100%\">\n<tbody>\n<tr>\n<td style=\"width: 55%;\"><strong>Joaqu\u00edn Aibar<\/strong><\/td>\n<td>Universidad de Zaragoza<\/td>\n<\/tr>\n<tr>\n<td style=\"width: 55%;\"><strong>Ana Isabel Mar\u00ed<\/strong><\/td>\n<td>CITA<\/td>\n<\/tr>\n<tr>\n<td style=\"width: 55%;\"><strong>Alicia Cirujeda<\/strong><\/td>\n<td>CICYTEX<\/td>\n<\/tr>\n<tr>\n<td style=\"width: 55%;\"><strong>Gabriel Pardo<\/strong><\/td>\n<td>CITA<\/td>\n<\/tr>\n<tr>\n<td style=\"width: 55%;\"><strong>Jos\u00e9 Mar\u00eda Osca<\/strong><\/td>\n<td>Universidad Polit\u00e9cnica de Valencia<\/td>\n<\/tr>\n<tr>\n<td style=\"width: 55%;\"><strong>Diego G\u00f3mez de Barreda<\/strong><\/td>\n<td>Universidad Polit\u00e9cnica de Valencia<\/td>\n<\/tr>\n<tr>\n<td style=\"width: 55%;\"><strong>Joel Torra<\/strong><\/td>\n<td>Universitat de Lleida<\/td>\n<\/tr>\n<tr>\n<td style=\"width: 55%;\"><strong>Jordi Recassens<\/strong><\/td>\n<td>Universitat de Lleida<\/td>\n<\/tr>\n<tr>\n<td style=\"width: 55%;\"><strong>Aritz Royo<\/strong><\/td>\n<td>Universitat de Lleida<\/td>\n<\/tr>\n<tr>\n<td style=\"width: 55%;\"><strong>Jos\u00e9 Mar\u00eda Montull<\/strong><\/td>\n<td>Universitat de Lleida<\/td>\n<\/tr>\n<tr>\n<td style=\"width: 55%;\"><strong>Nuria L\u00f3pez<\/strong><\/td>\n<td>Universidad de Sevilla<\/td>\n<\/tr>\n<tr>\n<td style=\"width: 55%;\"><strong>Jos\u00e9 Mar\u00eda Urbano<\/strong><\/td>\n<td>Universidad de Sevilla<\/td>\n<\/tr>\n<tr>\n<td style=\"width: 55%;\"><strong>Fernando Bastida<\/strong><\/td>\n<td>Universidad de Huelva<\/td>\n<\/tr>\n<tr>\n<td style=\"width: 55%;\"><strong>Julio Men\u00e9ndez<\/strong><\/td>\n<td>Universidad de Huelva<\/td>\n<\/tr>\n<tr>\n<td style=\"width: 55%;\"><strong>Jos\u00e9 Luis Gonz\u00e1lez And\u00fajar<\/strong><\/td>\n<td>CSIC-C\u00f3rdoba<\/td>\n<\/tr>\n<tr>\n<td style=\"width: 55%;\"><strong>Francisca L\u00f3pez-Granados<\/strong><\/td>\n<td>CSIC-C\u00f3rdoba<\/td>\n<\/tr>\n<tr>\n<td style=\"width: 55%;\"><strong>Jos\u00e9 Manuel Pe\u00f1a<\/strong><\/td>\n<td>CSIC-Madrid<\/td>\n<\/tr>\n<tr>\n<td style=\"width: 55%;\"><strong>Jos\u00e9 Dorado<\/strong><\/td>\n<td>CSIC-Madrid<\/td>\n<\/tr>\n<tr>\n<td style=\"width: 55%;\"><strong>I\u00f1igo Loureiro<\/strong><\/td>\n<td>INIA-Madrid<\/td>\n<\/tr>\n<tr>\n<td style=\"width: 55%;\"><strong>Ana Isabel Castro<\/strong><\/td>\n<td>INIA-Madrid<\/td>\n<\/tr>\n<tr>\n<td style=\"width: 55%;\"><strong>Ana Zabalza<\/strong><\/td>\n<td>Universidad de Pamplona<\/td>\n<\/tr>\n<tr>\n<td style=\"width: 55%;\"><strong>Mercedes Royuela<\/strong><\/td>\n<td>Universidad de Pamplona<\/td>\n<\/tr>\n<tr>\n<td style=\"width: 55%;\"><strong>Irache Garnica<\/strong><\/td>\n<td>INTIA-Navarra<\/td>\n<\/tr>\n<tr>\n<td style=\"width: 55%;\"><strong>Isabel Cahla<\/strong><\/td>\n<td>INIAV-Portugal<\/td>\n<\/tr>\n<tr>\n<td style=\"width: 55%;\"><strong>Joao Portugal<\/strong><\/td>\n<td>Universidad de Beja-Portugal<\/td>\n<\/tr>\n<tr>\n<td style=\"width: 55%;\"><strong>Nuria Pedrol<\/strong><\/td>\n<td>Universidad de Vigo<\/td>\n<\/tr>\n<tr>\n<td style=\"width: 55%;\"><strong>Teresa Sosa<\/strong><\/td>\n<td>Universidad de Extremadura<\/td>\n<\/tr>\n<\/tbody>\n<\/table>\n<p><!--\/themify_builder_static--><\/p>","_et_gb_content_width":"","footnotes":""},"class_list":["post-2233","page","type-page","status-publish","hentry"],"_links":{"self":[{"href":"http:\/\/www.semh2022.com\/index.php?rest_route=\/wp\/v2\/pages\/2233","targetHints":{"allow":["GET"]}}],"collection":[{"href":"http:\/\/www.semh2022.com\/index.php?rest_route=\/wp\/v2\/pages"}],"about":[{"href":"http:\/\/www.semh2022.com\/index.php?rest_route=\/wp\/v2\/types\/page"}],"author":[{"embeddable":true,"href":"http:\/\/www.semh2022.com\/index.php?rest_route=\/wp\/v2\/users\/134"}],"replies":[{"embeddable":true,"href":"http:\/\/www.semh2022.com\/index.php?rest_route=%2Fwp%2Fv2%2Fcomments&post=2233"}],"version-history":[{"count":57,"href":"http:\/\/www.semh2022.com\/index.php?rest_route=\/wp\/v2\/pages\/2233\/revisions"}],"predecessor-version":[{"id":3406,"href":"http:\/\/www.semh2022.com\/index.php?rest_route=\/wp\/v2\/pages\/2233\/revisions\/3406"}],"wp:attachment":[{"href":"http:\/\/www.semh2022.com\/index.php?rest_route=%2Fwp%2Fv2%2Fmedia&parent=2233"}],"curies":[{"name":"wp","href":"https:\/\/api.w.org\/{rel}","templated":true}]}}